{"id":1331,"date":"2019-02-14T08:50:47","date_gmt":"2019-02-14T08:50:47","guid":{"rendered":"https:\/\/mjerna-tehnika.ba\/bs\/product\/anemometar-pce-mam2\/"},"modified":"2022-06-15T06:28:18","modified_gmt":"2022-06-15T06:28:18","slug":"anemometar-pce-mam2","status":"publish","type":"product","link":"https:\/\/mjerna-tehnika.ba\/bs\/?product=anemometar-pce-mam2","title":{"rendered":"Anemometar PCE-MAM 2"},"content":{"rendered":"<div class=\"imgDIVinTextLeft\" align=\"left\"><\/div>\n<div class=\"articleText\">\n<p><span lang=\"DE\">Priru\u010dan mjera\u010d brzine vjetra sa propelerskim senzorom optimalno je podoban za mjerenje brzine vjetra u unutra\u0161njm i terenskim aktivnostima.\u00a0Propeler ovog ure\u0111aja reaguje na najmanje strujanje zraka. <\/span><\/p>\n<p><strong><span lang=\"DE\">Osnovne karakteristike:<\/span><\/strong><\/p>\n<ul>\n<li>Prikaz u boji<\/li>\n<li>Veli\u010dina d\u017eepa<\/li>\n<li>Indikator baterije<\/li>\n<li>5 jedinica koje se mogu izabrati<\/li>\n<li>MAX \/ MIN funkcija<\/li>\n<li>Automatsko isklju\u010divanje<\/li>\n<li><span lang=\"DE\">Mjerno podru\u010dje:\u00a0<\/span>T: -20&#8230;+70\u00b0C , W: 0,4&#8230;30 m\/s<\/li>\n<li>Dimenzije: 178,5 x 56 x 30,5 mm, 84 g, 3 x 1,5 V AAA baterije<\/li>\n<\/ul>\n<\/div>\n","protected":false},"excerpt":{"rendered":"<h4>Mobilni, lagani model anemometra sa prikazom u razli\u010ditim jedinicama (m\/s, km\/h, mph, Knoten, ft\/min) za upotrebu u sportu, hobiju, industriji,&#8230;<\/h4>\n<ul>\n<li><span lang=\"DE\">Mjerno podru\u010dje:\u00a0<\/span>T: -20&#8230;+70\u00b0C , W: 0,4&#8230;30 m\/s<\/li>\n<\/ul>\n<p><span id=\"result_box\" lang=\"bs\"><span title=\"Kostenlose App herunterladen, einfach in den Klinkenstecker Ihres Smartphones stecken und in den Wind halten. \">\u00a0Tehni\u010dke karakteristike, katalog:\u00a0<a href=\"https:\/\/mjerna-tehnika.ba\/bs\/wp-content\/uploads\/ANEMOMETAR-PCE-MAM-2.pdf\">ANEMOMETAR PCE-MAM 2<\/a><\/span><\/span><\/p>\n","protected":false},"featured_media":1332,"comment_status":"open","ping_status":"closed","template":"","meta":{"_uf_show_specific_survey":0,"_uf_disable_surveys":false},"product_brand":[],"product_cat":[35],"product_tag":[],"class_list":{"0":"post-1331","1":"product","2":"type-product","3":"status-publish","4":"has-post-thumbnail","6":"product_cat-anemometri","8":"first","9":"instock","10":"taxable","11":"shipping-taxable","12":"purchasable","13":"product-type-simple"},"aioseo_notices":[],"_links":{"self":[{"href":"https:\/\/mjerna-tehnika.ba\/bs\/index.php?rest_route=\/wp\/v2\/product\/1331","targetHints":{"allow":["GET"]}}],"collection":[{"href":"https:\/\/mjerna-tehnika.ba\/bs\/index.php?rest_route=\/wp\/v2\/product"}],"about":[{"href":"https:\/\/mjerna-tehnika.ba\/bs\/index.php?rest_route=\/wp\/v2\/types\/product"}],"replies":[{"embeddable":true,"href":"https:\/\/mjerna-tehnika.ba\/bs\/index.php?rest_route=%2Fwp%2Fv2%2Fcomments&post=1331"}],"wp:featuredmedia":[{"embeddable":true,"href":"https:\/\/mjerna-tehnika.ba\/bs\/index.php?rest_route=\/wp\/v2\/media\/1332"}],"wp:attachment":[{"href":"https:\/\/mjerna-tehnika.ba\/bs\/index.php?rest_route=%2Fwp%2Fv2%2Fmedia&parent=1331"}],"wp:term":[{"taxonomy":"product_brand","embeddable":true,"href":"https:\/\/mjerna-tehnika.ba\/bs\/index.php?rest_route=%2Fwp%2Fv2%2Fproduct_brand&post=1331"},{"taxonomy":"product_cat","embeddable":true,"href":"https:\/\/mjerna-tehnika.ba\/bs\/index.php?rest_route=%2Fwp%2Fv2%2Fproduct_cat&post=1331"},{"taxonomy":"product_tag","embeddable":true,"href":"https:\/\/mjerna-tehnika.ba\/bs\/index.php?rest_route=%2Fwp%2Fv2%2Fproduct_tag&post=1331"}],"curies":[{"name":"wp","href":"https:\/\/api.w.org\/{rel}","templated":true}]}}