{"id":1301,"date":"2019-02-05T13:22:01","date_gmt":"2019-02-05T13:22:01","guid":{"rendered":"https:\/\/mjerna-tehnika.ba\/bs\/product\/tragac-kablova-pce-180-cbn\/"},"modified":"2024-03-11T09:35:25","modified_gmt":"2024-03-11T09:35:25","slug":"tragac-kablova-pce-180-cbn","status":"publish","type":"product","link":"https:\/\/mjerna-tehnika.ba\/bs\/?product=tragac-kablova-pce-180-cbn","title":{"rendered":"Traga\u010d kablova PCE-180 CBN"},"content":{"rendered":"<p style=\"text-align: left;\"><span lang=\"DE\">Kod polaganja kablova u zgradama \u010desto se pojavljuje problem koji kabel do kojeg priklju\u010dka i gdje npr \u017eelite probu\u0161iti rupe u zidu. Traga\u010d kablova\/ CableTracker PCE-180 CB se sastoji od dava\u010da signala (oda\u0161ilja\u010da) i prijemnika velike osjetljivosti. Oda\u0161ilja\u010d se priklju\u010duje u krajnju uti\u010dnicu ili na vodi\u010d te \u0161alje kodirani signal u kabel. Pomo\u0107u prijemnika se prati signal koji zra\u010di iz kabela tj. vodi\u010da tako da ste u mogu\u0107nosti\u00a0<\/span>ispitati kablove u prona\u0107i njihov put i eventualne prekide bez o\u0161te\u0107enja izolacije i otvaranja zidova ili otvaranja kablovskih kanala. Na traga\u010du kablova\/ prijemniku mogu\u0107e je pode\u0161avanje glasno\u0107e\/ osjetljivosti. Ispitivanje je mogu\u0107e na svim klasi\u010dnim i koaksijalnim kablovima. Generator tona ima priklju\u010dke sa krokodilkama i mre\u017enim utika\u010dem RJ-11. Ispitiva\u010d\/ prijemnik se mo\u017ee koristiti i sa drugim generatorima tona.<\/p>\n<table>\n<tbody>\n<tr>\n<td>Leitungserkennung<\/td>\n<td>per Signalton<\/td>\n<\/tr>\n<tr>\n<td>Signalton umschaltbar<\/td>\n<td>pulsierend er Ton<br \/>\nandauernder Ton<\/td>\n<\/tr>\n<tr>\n<td>Anschluss<\/td>\n<td>RJ-11 Stecker \/ Krokoklemmen<\/td>\n<\/tr>\n<tr>\n<td>Umgebung<\/td>\n<td>0&#8230;50 \u00b0C\/ 5&#8230;95 %r.F.<\/td>\n<\/tr>\n<tr>\n<td>Versorgung<\/td>\n<td>2 x 9 V Block-Batterie (inkl.)<\/td>\n<\/tr>\n<tr>\n<td>Abmessungen<\/td>\n<td>Signalgenerator: 60 mm x 65 mm x 30 mm<br \/>\nSensor: 245 mm x 60 mm x 30 mm<\/td>\n<\/tr>\n<tr>\n<td>Gewicht<\/td>\n<td>Signalgenerator: 120 g<br \/>\nSensor: 140 g<\/td>\n<\/tr>\n<\/tbody>\n<\/table>\n","protected":false},"excerpt":{"rendered":"<ul>\n<li><span lang=\"DE\">Kod polaganja kablova u zgradama \u010desto se pojavljuje problem koji kabel do kojeg priklju\u010dka i gdje npr \u017eelite probu\u0161iti rupe u zidu. Traga\u010d kablova\/ CableTracker PCE-180 CB se sastoji od dava\u010da signala (oda\u0161ilja\u010da) i prijemnika velike osjetljivosti. Oda\u0161ilja\u010d se priklju\u010duje u krajnju uti\u010dnicu ili na vodi\u010d te \u0161alje kodirani signal u kabel. Pomo\u0107u prijemnika se prati signal koji zra\u010di iz kabela tj. vodi\u010da tako da ste u mogu\u0107nosti\u00a0<\/span>ispitati kablove u prona\u0107i njihov put i eventualne prekide bez o\u0161te\u0107enja izolacije i otvaranja zidova ili otvaranja kablovskih kanala. Na traga\u010du kablova\/ prijemniku mogu\u0107e je pode\u0161avanje glasno\u0107e\/ osjetljivosti. Ispitivanje je mogu\u0107e na svim klasi\u010dnim i koaksijalnim kablovima. Generator tona ima priklju\u010dke sa krokodilkama i mre\u017enim utika\u010dem RJ-11. Ispitiva\u010d\/ prijemnik se mo\u017ee koristiti i sa drugim generatorima tona.<\/li>\n<\/ul>\n<p>Tehni\u010dke karakteristike:\u00a0<a href=\"https:\/\/mjerna-tehnika.ba\/bs\/wp-content\/uploads\/TRAGA\u010c-KABLOVA-PCE-180CBN.pdf\">TRAGA\u010c KABLOVA PCE-180CBN<\/a><\/p>\n","protected":false},"featured_media":1302,"comment_status":"open","ping_status":"closed","template":"","meta":{"_uf_show_specific_survey":0,"_uf_disable_surveys":false},"product_brand":[],"product_cat":[78],"product_tag":[],"class_list":{"0":"post-1301","1":"product","2":"type-product","3":"status-publish","4":"has-post-thumbnail","6":"product_cat-elektricna-mjerenja-elektrotehnika","8":"first","9":"instock","10":"taxable","11":"shipping-taxable","12":"purchasable","13":"product-type-simple"},"aioseo_notices":[],"_links":{"self":[{"href":"https:\/\/mjerna-tehnika.ba\/bs\/index.php?rest_route=\/wp\/v2\/product\/1301","targetHints":{"allow":["GET"]}}],"collection":[{"href":"https:\/\/mjerna-tehnika.ba\/bs\/index.php?rest_route=\/wp\/v2\/product"}],"about":[{"href":"https:\/\/mjerna-tehnika.ba\/bs\/index.php?rest_route=\/wp\/v2\/types\/product"}],"replies":[{"embeddable":true,"href":"https:\/\/mjerna-tehnika.ba\/bs\/index.php?rest_route=%2Fwp%2Fv2%2Fcomments&post=1301"}],"wp:featuredmedia":[{"embeddable":true,"href":"https:\/\/mjerna-tehnika.ba\/bs\/index.php?rest_route=\/wp\/v2\/media\/1302"}],"wp:attachment":[{"href":"https:\/\/mjerna-tehnika.ba\/bs\/index.php?rest_route=%2Fwp%2Fv2%2Fmedia&parent=1301"}],"wp:term":[{"taxonomy":"product_brand","embeddable":true,"href":"https:\/\/mjerna-tehnika.ba\/bs\/index.php?rest_route=%2Fwp%2Fv2%2Fproduct_brand&post=1301"},{"taxonomy":"product_cat","embeddable":true,"href":"https:\/\/mjerna-tehnika.ba\/bs\/index.php?rest_route=%2Fwp%2Fv2%2Fproduct_cat&post=1301"},{"taxonomy":"product_tag","embeddable":true,"href":"https:\/\/mjerna-tehnika.ba\/bs\/index.php?rest_route=%2Fwp%2Fv2%2Fproduct_tag&post=1301"}],"curies":[{"name":"wp","href":"https:\/\/api.w.org\/{rel}","templated":true}]}}