{"id":1231,"date":"2018-11-29T10:54:11","date_gmt":"2018-11-29T10:54:11","guid":{"rendered":"https:\/\/mjerna-tehnika.ba\/bs\/product\/tester-elektromagnetnog-zracenja-pce-emf-823\/"},"modified":"2021-06-14T10:05:15","modified_gmt":"2021-06-14T10:05:15","slug":"tester-elektromagnetnog-zracenja-pce-emf-823","status":"publish","type":"product","link":"https:\/\/mjerna-tehnika.ba\/bs\/?product=tester-elektromagnetnog-zracenja-pce-emf-823","title":{"rendered":"Tester elektromagnetnog zra\u010denja PCE-EMF 823"},"content":{"rendered":"<table>\n<tbody>\n<tr>\n<td colspan=\"2\"><strong>Tehni\u010dka specifikacija<\/strong><\/td>\n<\/tr>\n<tr>\n<td>Mjerno podru\u010dje<br \/>\n[T = Tesla]<br \/>\n[Gs = Gauss]<\/td>\n<td>20 \u00b5T x 0,01 \u00b5T\/ 200 \u00b5T x 0,1 \u00b5T\/<br \/>\n2000 \u00b5T x 1 \u00b5T (1 \u00b5T = 10 mGs)<br \/>\n200 mGs x 0,1 mGs\/ 2000 mGs x 1 mGs\/<br \/>\n20000 mGs x 10 mGs<\/td>\n<\/tr>\n<tr>\n<td>Rezolucija<\/td>\n<td>0.01 \u00b5T (bis 20 \u00b5T)<br \/>\n0.1 \u00b5T (bis 200 \u00b5T)<br \/>\n1 \u00b5T (bis 2000 \u00b5T)<\/td>\n<\/tr>\n<tr>\n<td>Ta\u010dnost<\/td>\n<td>\u00b14 % + 3 Digits (bis 20 \u00b5T)<br \/>\n\u00b15 % + 3 Digits (bis 200 \u00b5T)<br \/>\n\u00b110 % + 5 Digits (bis 2000 \u00b5T)<\/td>\n<\/tr>\n<tr>\n<td>Bandbreite<\/td>\n<td>30 Hz bis 300 Hz<\/td>\n<\/tr>\n<tr>\n<td>Messrate<\/td>\n<td>1 Sekunde<\/td>\n<\/tr>\n<tr>\n<td>Display<\/td>\n<td>LC-Display sa pozadinskim osvjetljenjem<\/td>\n<\/tr>\n<tr>\n<td>Prekora\u010denje mj. podru\u010dja<\/td>\n<td>na display-u: &#8220;- &#8211; &#8211; -&#8220;<\/td>\n<\/tr>\n<tr>\n<td>Uslovi okoline<\/td>\n<td>0&#8230;+50 \u00b0C \/ max. 80 % r.F.<\/td>\n<\/tr>\n<tr>\n<td>Napajanje<\/td>\n<td>1 x 9 V Block-Batterie oder optional mit Netzteil<\/td>\n<\/tr>\n<tr>\n<td>Dimenzije<\/td>\n<td>152 x 69 x 36 mm (HxBxT)<\/td>\n<\/tr>\n<tr>\n<td>Te\u017eina<\/td>\n<td>215 g (inkl. Batterie)<\/td>\n<\/tr>\n<\/tbody>\n<\/table>\n<p>&nbsp;<\/p>\n","protected":false},"excerpt":{"rendered":"<h4><\/h4>\n<p><span lang=\"DE\"><span style=\"color: #000000; font-size: small;\">Mobilni mjera\u010d za mjerenje zra\u010denja u Tesla ili MikroGauss.<br \/>\nElektrosmog-Mjera\u010d 823 izra\u0111en je specijalno za mjerenje elektromagneti\u010dnog zra\u010denja koje se \u0161iri od elektro ure\u0111aja, kao \u0161to su televizori, lampe, ra\u010dunari, strujni vodovi, zasloni&#8230; ili od elektro-industrijskih postrojenja.<\/span><\/span><\/p>\n<p><span lang=\"DE\"><span style=\"color: #000000; font-size: small;\">Prona\u0111ite pomo\u0107u ovog ure\u0111aja izvore opasnosti u va\u0161em \u017eivotnom okru\u017eju. Otklonite izvore zra\u010denja ili ih zaklonite metalnim pla\u0161tom. Time \u0107ete pove\u0107ati kvalitetu \u017eivota i umanjiti rizike oboljenja, koji proizlaze iz elektromagneti\u010dnog zra\u010denja.<br \/>\nPoslu\u017eivanje EMF-mjera\u010da je vrlo jednostavno tako da su mjerenja mogu\u0107a bez posebnog podu\u010davanja osoblja koje koristi ovaj ure\u0111aj<\/span><\/span><\/p>\n<p>Download:\u00a0\u00a0<a href=\"https:\/\/mjerna-tehnika.ba\/bs\/wp-content\/uploads\/Mjera\u010d-elektromagnetnog-zra\u010denja-PCE-EMF823.pdf\">Mjera\u010d elektromagnetnog zra\u010denja PCE-EMF823<\/a><\/p>\n<p>&nbsp;<\/p>\n","protected":false},"featured_media":1232,"comment_status":"open","ping_status":"closed","template":"","meta":{"_uf_show_specific_survey":0,"_uf_disable_surveys":false},"product_brand":[],"product_cat":[75],"product_tag":[],"class_list":{"0":"post-1231","1":"product","2":"type-product","3":"status-publish","4":"has-post-thumbnail","6":"product_cat-mjeraci-zracenja","8":"first","9":"instock","10":"taxable","11":"shipping-taxable","12":"purchasable","13":"product-type-simple"},"aioseo_notices":[],"_links":{"self":[{"href":"https:\/\/mjerna-tehnika.ba\/bs\/index.php?rest_route=\/wp\/v2\/product\/1231","targetHints":{"allow":["GET"]}}],"collection":[{"href":"https:\/\/mjerna-tehnika.ba\/bs\/index.php?rest_route=\/wp\/v2\/product"}],"about":[{"href":"https:\/\/mjerna-tehnika.ba\/bs\/index.php?rest_route=\/wp\/v2\/types\/product"}],"replies":[{"embeddable":true,"href":"https:\/\/mjerna-tehnika.ba\/bs\/index.php?rest_route=%2Fwp%2Fv2%2Fcomments&post=1231"}],"wp:featuredmedia":[{"embeddable":true,"href":"https:\/\/mjerna-tehnika.ba\/bs\/index.php?rest_route=\/wp\/v2\/media\/1232"}],"wp:attachment":[{"href":"https:\/\/mjerna-tehnika.ba\/bs\/index.php?rest_route=%2Fwp%2Fv2%2Fmedia&parent=1231"}],"wp:term":[{"taxonomy":"product_brand","embeddable":true,"href":"https:\/\/mjerna-tehnika.ba\/bs\/index.php?rest_route=%2Fwp%2Fv2%2Fproduct_brand&post=1231"},{"taxonomy":"product_cat","embeddable":true,"href":"https:\/\/mjerna-tehnika.ba\/bs\/index.php?rest_route=%2Fwp%2Fv2%2Fproduct_cat&post=1231"},{"taxonomy":"product_tag","embeddable":true,"href":"https:\/\/mjerna-tehnika.ba\/bs\/index.php?rest_route=%2Fwp%2Fv2%2Fproduct_tag&post=1231"}],"curies":[{"name":"wp","href":"https:\/\/api.w.org\/{rel}","templated":true}]}}