{"id":1206,"date":"2018-11-28T14:27:22","date_gmt":"2018-11-28T14:27:22","guid":{"rendered":"https:\/\/mjerna-tehnika.ba\/bs\/product\/meteoroloska-stanica-spring-breeze\/"},"modified":"2022-06-27T12:24:25","modified_gmt":"2022-06-27T12:24:25","slug":"meteoroloska-stanica-spring-breeze","status":"publish","type":"product","link":"https:\/\/mjerna-tehnika.ba\/bs\/?product=meteoroloska-stanica-spring-breeze","title":{"rendered":"Meteorolo\u0161ka stanica View Breeze, TFA Dostman"},"content":{"rendered":"<ul>\n<li>Zaslon u boji sa 3 nivoa svjetline i podesivom funkcijom zatamnjivanja (u kontinuiranom radu samo s adapterom za napajanje)<\/li>\n<li>Be\u017ei\u010dni prijenos vanjske temperature i vla\u017enosti i brzine vjetra preko predajnika (868 MHz, max. 100m)<\/li>\n<li>Prikaz unutra\u0161nje temperature i vla\u017enosti<\/li>\n<li>Vremenska prognoza sa slikom vremena u boji i atmosferskim pritiskom<\/li>\n<li>Alarm za temperaturu, vjetar i vlagu<\/li>\n<li>Dodatni predajnici mogu biti prikazani na stanici (dostupno kao opcija)<\/li>\n<li>Dodatne funkcije na stanici putem Wi-Fi-ja: smjer vjetra, profesionalna vremenska prognoza za regiju za nekoliko dana i dijelove dana sa o\u010dekivanim maksimalnim i minimalnim vrijednostima i vjerovatno\u0107om ki\u0161e iz online meteorolo\u0161ke usluge, automatska pode\u0161avanja vremena i personalizirane poruke<\/li>\n<li>Dodatne funkcije putem besplatne aplikacije VIEW: pra\u0107enje izmerenih vrijednosti bilo gdje da se nalazite (uklju\u010duju\u0107i istoriju zadnjih 30 dana), podesiva ograni\u010denja alarma i\u00a0 obavje\u0161tenje u slu\u010daju alarma, mogu se dodati dodatni oda\u0161ilja\u010di (opciono dostupni)<\/li>\n<\/ul>\n<table class=\"table table-bordered table-components\">\n<tbody>\n<tr>\n<td>Isporuka uklju\u010duje<\/td>\n<td>Base station, T\/H\/W transmitter, power adapter, instruction manual<\/td>\n<\/tr>\n<tr>\n<td>Measuring range temperature outdoor<\/td>\n<td>-40\u2026+60\u00b0C (-40\u2026 +140\u00b0F)<\/td>\n<\/tr>\n<tr>\n<td>Measuring range humidity<\/td>\n<td>1\u202699%<\/td>\n<\/tr>\n<tr>\n<td>Measuring range humidity wind<\/td>\n<td>0\u2026178kmh<\/td>\n<\/tr>\n<tr>\n<td>Maximum range<\/td>\n<td>100 m<\/td>\n<\/tr>\n<tr>\n<td>Maximum amount of transmitters<\/td>\n<td>4 preko stanice, 50 preko VIEE app<\/td>\n<\/tr>\n<tr>\n<td>Sender im Lieferumfang<\/td>\n<td>30.3222.02<\/td>\n<\/tr>\n<tr>\n<td>Transmission frequency<\/td>\n<td>433 MHz<\/td>\n<\/tr>\n<tr>\n<td>Measuring range temperature indoor<\/td>\n<td>0\u2026+50\u00b0C (+32\u2026+122\u00b0F)<\/td>\n<\/tr>\n<tr>\n<td>Clock<\/td>\n<td>Radio-controlled clock<\/td>\n<\/tr>\n<tr>\n<td>Material<\/td>\n<td>Plastic<\/td>\n<\/tr>\n<tr>\n<td>Power consumption<\/td>\n<td>Battery, power adapter<\/td>\n<\/tr>\n<tr>\n<td>Batteries<\/td>\n<td>2 x 1.5 V AA (thermo-hygro-transmitter), 2 x 1.5 V C (wind meter), 1 x 3V CR2032 (base station backup)<\/td>\n<\/tr>\n<tr>\n<td>Batteries included<\/td>\n<td>yes (only 1x CR2032)<\/td>\n<\/tr>\n<tr>\n<td>Dimensions<\/td>\n<td>(L) 208 x (B) 26 (54) x (H) 140 mm<\/td>\n<\/tr>\n<tr>\n<td>Weight<\/td>\n<td>344 g<\/td>\n<\/tr>\n<\/tbody>\n<\/table>\n","protected":false},"excerpt":{"rendered":"<ul>\n<li>Zaslon u boji sa 3 nivoa svjetline i podesivom funkcijom zatamnjivanja (u kontinuiranom radu samo s adapterom za napajanje)<\/li>\n<li>Be\u017ei\u010dni prijenos vanjske temperature i vla\u017enosti i brzine vjetra preko predajnika (868 MHz, max. 100m)<\/li>\n<li>Prikaz unutra\u0161nje temperature i vla\u017enosti<\/li>\n<li>Vremenska prognoza sa slikom vremena u boji i atmosferskim pritiskom<\/li>\n<li>Alarm za temperaturu, vjetar i vlagu<\/li>\n<li>Dodatni predajnici mogu biti prikazani na stanici (dostupno kao opcija)<\/li>\n<li>Dodatne funkcije na stanici putem Wi-Fi-ja: smjer vjetra, profesionalna vremenska prognoza za regiju za nekoliko dana i dijelove dana sa o\u010dekivanim maksimalnim i minimalnim vrijednostima i vjerovatno\u0107om ki\u0161e iz online meteorolo\u0161ke usluge, automatska pode\u0161avanja vremena i personalizirane poruke<\/li>\n<li>Dodatne funkcije putem besplatne aplikacije VIEW: pra\u0107enje izmerenih vrijednosti bilo gdje da se nalazite (uklju\u010duju\u0107i istoriju zadnjih 30 dana), podesiva ograni\u010denja alarma i\u00a0 obavje\u0161tenje u slu\u010daju alarma, mogu se dodati dodatni oda\u0161ilja\u010di (opciono dostupni)<\/li>\n<\/ul>\n<p>Download: <a href=\"https:\/\/mjerna-tehnika.ba\/bs\/wp-content\/uploads\/Vremenska-stanica-VIEW-BREEZE_35.8001_35.8002.pdf\">Vremenska stanica VIEW BREEZE_35.8001_35.8002<\/a><\/p>\n","protected":false},"featured_media":1874,"comment_status":"open","ping_status":"closed","template":"","meta":{"_uf_show_specific_survey":0,"_uf_disable_surveys":false},"product_brand":[],"product_cat":[35,43,45],"product_tag":[],"class_list":{"0":"post-1206","1":"product","2":"type-product","3":"status-publish","4":"has-post-thumbnail","6":"product_cat-anemometri","7":"product_cat-termohigrometri","8":"product_cat-vremenske-stanice","10":"first","11":"instock","12":"taxable","13":"shipping-taxable","14":"purchasable","15":"product-type-simple"},"aioseo_notices":[],"_links":{"self":[{"href":"https:\/\/mjerna-tehnika.ba\/bs\/index.php?rest_route=\/wp\/v2\/product\/1206","targetHints":{"allow":["GET"]}}],"collection":[{"href":"https:\/\/mjerna-tehnika.ba\/bs\/index.php?rest_route=\/wp\/v2\/product"}],"about":[{"href":"https:\/\/mjerna-tehnika.ba\/bs\/index.php?rest_route=\/wp\/v2\/types\/product"}],"replies":[{"embeddable":true,"href":"https:\/\/mjerna-tehnika.ba\/bs\/index.php?rest_route=%2Fwp%2Fv2%2Fcomments&post=1206"}],"wp:featuredmedia":[{"embeddable":true,"href":"https:\/\/mjerna-tehnika.ba\/bs\/index.php?rest_route=\/wp\/v2\/media\/1874"}],"wp:attachment":[{"href":"https:\/\/mjerna-tehnika.ba\/bs\/index.php?rest_route=%2Fwp%2Fv2%2Fmedia&parent=1206"}],"wp:term":[{"taxonomy":"product_brand","embeddable":true,"href":"https:\/\/mjerna-tehnika.ba\/bs\/index.php?rest_route=%2Fwp%2Fv2%2Fproduct_brand&post=1206"},{"taxonomy":"product_cat","embeddable":true,"href":"https:\/\/mjerna-tehnika.ba\/bs\/index.php?rest_route=%2Fwp%2Fv2%2Fproduct_cat&post=1206"},{"taxonomy":"product_tag","embeddable":true,"href":"https:\/\/mjerna-tehnika.ba\/bs\/index.php?rest_route=%2Fwp%2Fv2%2Fproduct_tag&post=1206"}],"curies":[{"name":"wp","href":"https:\/\/api.w.org\/{rel}","templated":true}]}}