{"id":1202,"date":"2018-11-28T14:09:36","date_gmt":"2018-11-28T14:09:36","guid":{"rendered":"https:\/\/mjerna-tehnika.ba\/bs\/product\/mjerac-temperature-s2600-2xt\/"},"modified":"2024-03-05T14:26:30","modified_gmt":"2024-03-05T14:26:30","slug":"mjerac-temperature-s2600-2xt","status":"publish","type":"product","link":"https:\/\/mjerna-tehnika.ba\/bs\/?product=mjerac-temperature-s2600-2xt","title":{"rendered":"Mjera\u010d temperature S2600 2xT"},"content":{"rendered":"<p>Temperatura te\u010dnosti, povr\u0161ina ili ambijentalnog zraka mo\u017ee se pouzdano izmjeriti, brzo i precizno pomo\u0107u S2600.<\/p>\n<p>Jasna struktura menija\u00a0 osigurava intuitivan rad i lako rukovanje. Ove prednosti dopunjuje TFT ekran u boji i pojedina\u010dne oblasti menija u boji.<\/p>\n<p>TMD9 mo\u017ee mjeriti dvije temperature istovremeno (na primjer, temperatura okolnog vazduha i temperaturu vode).<\/p>\n<p>Pomo\u0107u mjernih instrumenata serije BlueLine koristite najnoviju tehnologiju prenosa podataka. Rezultati mjerenja se pouzdano i brzo prenose na tablete, pametne telefone ili ra\u010dunare sa Bluetooth\u00ae-om. EuroSoft capb mobile je idealan alat kada je u pitanju procjena, \u010duvanje i pregled rezultata mjerenja na va\u0161em ure\u0111aju. EuroSoft mobile je dostupan za Android, iOS i Windows.<\/p>\n<p>Pored toga, mjerni instrumenti serije BlueLine imaju microSD slot, tako da mo\u017eete snimiti rezultate mjerenja na microSD \/ SDHC karticama.<\/p>\n<p>Mjerni instrumenti serije BlueLine imaju generator QR kodova. On generi\u0161e \u0161ifre rezultata mjerenja za brz prenos na mobilne ure\u0111aje i prenos putem e-po\u0161te, Skype-a, Facebook-a itd. Kao i\u00a0 druge sisteme za obradu podataka.<\/p>\n","protected":false},"excerpt":{"rendered":"<p>U ponudu su dva modela, dvokanalni i jednokanalni, k-tip ulaz.<\/p>\n<ul>\n<li>Mjerno podru\u010dje: -50\u00a0&#8230; +1100 \u00b0C<\/li>\n<li>Rezolucija:\u00a00,1\u00b0C\u00a0 (u podru\u010dju -50\u00a0&#8230; +99,9 \u00b0C)<\/li>\n<li>Ta\u010dnost:\u00a0 0,5\u00b0C\u00a0 (u podru\u010dju -50\u00a0&#8230; +99,9 \u00b0C)<\/li>\n<li>Za\u0161tita: IP40<\/li>\n<li>Senzori se posebno naru\u010duju<\/li>\n<\/ul>\n<p>Download:\u00a0<a href=\"https:\/\/mjerna-tehnika.ba\/bs\/wp-content\/uploads\/BlueLine-S2600_Technische-Daten-_TM7-TMD7.pdf\">BlueLine S2600_Technische Daten _TM7 &amp; TMD7<\/a><\/p>\n","protected":false},"featured_media":1203,"comment_status":"open","ping_status":"closed","template":"","meta":{"_uf_show_specific_survey":0,"_uf_disable_surveys":false},"product_brand":[],"product_cat":[50,40],"product_tag":[],"class_list":{"0":"post-1202","1":"product","2":"type-product","3":"status-publish","4":"has-post-thumbnail","6":"product_cat-kontaktni-termometari","7":"product_cat-termometri","9":"first","10":"instock","11":"taxable","12":"shipping-taxable","13":"purchasable","14":"product-type-simple"},"aioseo_notices":[],"_links":{"self":[{"href":"https:\/\/mjerna-tehnika.ba\/bs\/index.php?rest_route=\/wp\/v2\/product\/1202","targetHints":{"allow":["GET"]}}],"collection":[{"href":"https:\/\/mjerna-tehnika.ba\/bs\/index.php?rest_route=\/wp\/v2\/product"}],"about":[{"href":"https:\/\/mjerna-tehnika.ba\/bs\/index.php?rest_route=\/wp\/v2\/types\/product"}],"replies":[{"embeddable":true,"href":"https:\/\/mjerna-tehnika.ba\/bs\/index.php?rest_route=%2Fwp%2Fv2%2Fcomments&post=1202"}],"wp:featuredmedia":[{"embeddable":true,"href":"https:\/\/mjerna-tehnika.ba\/bs\/index.php?rest_route=\/wp\/v2\/media\/1203"}],"wp:attachment":[{"href":"https:\/\/mjerna-tehnika.ba\/bs\/index.php?rest_route=%2Fwp%2Fv2%2Fmedia&parent=1202"}],"wp:term":[{"taxonomy":"product_brand","embeddable":true,"href":"https:\/\/mjerna-tehnika.ba\/bs\/index.php?rest_route=%2Fwp%2Fv2%2Fproduct_brand&post=1202"},{"taxonomy":"product_cat","embeddable":true,"href":"https:\/\/mjerna-tehnika.ba\/bs\/index.php?rest_route=%2Fwp%2Fv2%2Fproduct_cat&post=1202"},{"taxonomy":"product_tag","embeddable":true,"href":"https:\/\/mjerna-tehnika.ba\/bs\/index.php?rest_route=%2Fwp%2Fv2%2Fproduct_tag&post=1202"}],"curies":[{"name":"wp","href":"https:\/\/api.w.org\/{rel}","templated":true}]}}