{"id":1197,"date":"2018-11-28T13:51:01","date_gmt":"2018-11-28T13:51:01","guid":{"rendered":"https:\/\/mjerna-tehnika.ba\/bs\/product\/meteoroloska-stanica-pce-fws20\/"},"modified":"2023-03-20T15:09:48","modified_gmt":"2023-03-20T15:09:48","slug":"meteoroloska-stanica-pce-fws20","status":"publish","type":"product","link":"https:\/\/mjerna-tehnika.ba\/bs\/?product=meteoroloska-stanica-pce-fws20","title":{"rendered":"Meteorolo\u0161ka stanica PCE-FWS20N"},"content":{"rendered":"<p><span id=\"result_box\" lang=\"hr\"><span title=\"\">Be\u017ei\u010dna vremenska stanica PCE-FWS20N sa zaslonom osjetljivim na dodir<br \/>\n<\/span><span title=\"\">Be\u017ei\u010dna vremenska stanica\u00a0 sa 5 senzora\u00a0 (za smjer vjetra, brzinu vjetra, temperaturu, relativnu vla\u017enost, padavine) \/ programabilna alarm funkcija \/ USB interface \/ softver za analizu\u00a0 i baterije za napajanje primopredajnika \/\u00a0<\/span><\/span><\/p>\n<p>&nbsp;<\/p>\n<p><span id=\"result_box\" lang=\"hr\"><span title=\"\">Funkcije be\u017ei\u010dne meteorolo\u0161ke stanice:<\/span><\/span><span id=\"result_box\" lang=\"hr\"><span title=\"\"><br \/>\n<\/span><\/span><\/p>\n<ul>\n<li><span id=\"result_box\" lang=\"hr\"><span title=\"\">Unutra\u0161nja temperatura u Fahrenheit ili Celzijima<\/span><\/span><\/li>\n<li><span id=\"result_box\" lang=\"hr\"><span title=\"\">Vanjska temperatura u Fahrenheit ili Celzijima<\/span><\/span><\/li>\n<li><span id=\"result_box\" lang=\"hr\"><span title=\"\">Unutra\u0161nja vla\u017enost<\/span><\/span><\/li>\n<li><span id=\"result_box\" lang=\"hr\"><span title=\"\">Vanjska vla\u017enosti zraka<\/span><\/span><\/li>\n<li><span id=\"result_box\" lang=\"hr\"><span title=\"\">Pritisak zraka \u010ditanje u Hg ili hPa<\/span><\/span><\/li>\n<li><span id=\"result_box\" lang=\"hr\"><span title=\"\">Odabir izme\u0111u apsolutnog i relativnog pritiska zraka.<\/span><\/span><\/li>\n<li><span id=\"result_box\" lang=\"hr\"><span title=\"\">Oborine u mm ili inch<\/span><\/span><\/li>\n<li><span id=\"result_box\" lang=\"hr\"><span title=\"\">Oborine o\u010ditava za 1 sat, 24 sata, 1 sedmicu, 1 mjesec<\/span><\/span><\/li>\n<li><span id=\"result_box\" lang=\"hr\"><span title=\"\">Brzina vjetra u km \/ h, km \/ h, m \/ s, \u010dvorovima ili Beaufort odabir<\/span><\/span><\/li>\n<li><span id=\"result_box\" lang=\"hr\"><span title=\"\">Smjer vjetra prikaz<\/span><\/span><\/li>\n<li><span id=\"result_box\" lang=\"hr\"><span title=\"\">Prikaz temperature<\/span><\/span><\/li>\n<li><span id=\"result_box\" lang=\"hr\"><span title=\"\">Rosi\u0161te<\/span><\/span><\/li>\n<li><span id=\"result_box\" lang=\"hr\"><span title=\"\">Vremenska prognoza<\/span><\/span><\/li>\n<li><span id=\"result_box\" lang=\"hr\"><span title=\"\">Upozorenje na oluju<\/span><\/span><\/li>\n<li><span id=\"result_box\" lang=\"hr\"><span title=\"\">Programabilna alarm funkcija za razli\u010dite vremenske uslove.<\/span><\/span><\/li>\n<li><span id=\"result_box\" lang=\"hr\"><span title=\"\">Skladi\u0161tenje minimalne i maksimalne vrijednosti\u00a0 vremenske prognoze.<\/span><\/span><\/li>\n<li><span id=\"result_box\" lang=\"hr\"><span title=\"\">LED pozadinsko osvjetljenje.<\/span><\/span><\/li>\n<li><span id=\"result_box\" lang=\"hr\"><span title=\"\">Sat<\/span><\/span><\/li>\n<li><span id=\"result_box\" lang=\"hr\"><span title=\"\">Kalendar<\/span><\/span><\/li>\n<li><span id=\"result_box\" lang=\"hr\"><span title=\"\">Funkcija \u0161tednja energije<\/span><\/span><\/li>\n<li><span id=\"result_box\" lang=\"hr\"><span title=\"\">Stalno memorisanje podataka o vremenu (radio signal)<\/span><\/span><\/li>\n<li><span id=\"result_box\" lang=\"hr\"><span title=\"\">Podesiva memorija interval 5 do 240 min.<\/span><\/span><\/li>\n<\/ul>\n<p>&nbsp;<\/p>\n","protected":false},"excerpt":{"rendered":"<p><span id=\"result_box\" lang=\"hr\"><span title=\"\">Be\u017ei\u010dna vremenska stanica PCE-FWS20N sa display-om osjetljivim na dodir<br \/>\n<\/span><span title=\"\">Be\u017ei\u010dna vremenska stanica\u00a0 sa 5 senzora\u00a0 (za smjer vjetra, brzinu vjetra, temperaturu, relativnu vla\u017enost, padavine) \/ programabilna alarm funkcija \/ USB interface \/ softver za analizu\u00a0 i baterije za napajanje primopredajnika \/\u00a0<\/span><\/span><\/p>\n<p>Download: <a href=\"https:\/\/mjerna-tehnika.ba\/bs\/wp-content\/uploads\/PCE-FWS-20N_meteorolo\u0161ka-stanica.pdf\">PCE-FWS 20N_meteorolo\u0161ka stanica<\/a><\/p>\n","protected":false},"featured_media":1556,"comment_status":"open","ping_status":"closed","template":"","meta":{"_uf_show_specific_survey":0,"_uf_disable_surveys":false},"product_brand":[],"product_cat":[35,42,49,80,43,45],"product_tag":[],"class_list":{"0":"post-1197","1":"product","2":"type-product","3":"status-publish","4":"has-post-thumbnail","6":"product_cat-anemometri","7":"product_cat-dataloggeri","8":"product_cat-kisomjeri","9":"product_cat-meteoroloska-oprema","10":"product_cat-termohigrometri","11":"product_cat-vremenske-stanice","13":"first","14":"instock","15":"taxable","16":"shipping-taxable","17":"purchasable","18":"product-type-simple"},"aioseo_notices":[],"_links":{"self":[{"href":"https:\/\/mjerna-tehnika.ba\/bs\/index.php?rest_route=\/wp\/v2\/product\/1197","targetHints":{"allow":["GET"]}}],"collection":[{"href":"https:\/\/mjerna-tehnika.ba\/bs\/index.php?rest_route=\/wp\/v2\/product"}],"about":[{"href":"https:\/\/mjerna-tehnika.ba\/bs\/index.php?rest_route=\/wp\/v2\/types\/product"}],"replies":[{"embeddable":true,"href":"https:\/\/mjerna-tehnika.ba\/bs\/index.php?rest_route=%2Fwp%2Fv2%2Fcomments&post=1197"}],"wp:featuredmedia":[{"embeddable":true,"href":"https:\/\/mjerna-tehnika.ba\/bs\/index.php?rest_route=\/wp\/v2\/media\/1556"}],"wp:attachment":[{"href":"https:\/\/mjerna-tehnika.ba\/bs\/index.php?rest_route=%2Fwp%2Fv2%2Fmedia&parent=1197"}],"wp:term":[{"taxonomy":"product_brand","embeddable":true,"href":"https:\/\/mjerna-tehnika.ba\/bs\/index.php?rest_route=%2Fwp%2Fv2%2Fproduct_brand&post=1197"},{"taxonomy":"product_cat","embeddable":true,"href":"https:\/\/mjerna-tehnika.ba\/bs\/index.php?rest_route=%2Fwp%2Fv2%2Fproduct_cat&post=1197"},{"taxonomy":"product_tag","embeddable":true,"href":"https:\/\/mjerna-tehnika.ba\/bs\/index.php?rest_route=%2Fwp%2Fv2%2Fproduct_tag&post=1197"}],"curies":[{"name":"wp","href":"https:\/\/api.w.org\/{rel}","templated":true}]}}