{"id":1176,"date":"2018-11-27T14:43:06","date_gmt":"2018-11-27T14:43:06","guid":{"rendered":"https:\/\/mjerna-tehnika.ba\/bs\/product\/datalogger-za-temperature-vlage-sa-display-om-log210\/"},"modified":"2018-11-27T14:49:36","modified_gmt":"2018-11-27T14:49:36","slug":"datalogger-za-temperature-vlage-sa-display-om-log210","status":"publish","type":"product","link":"https:\/\/mjerna-tehnika.ba\/bs\/?product=datalogger-za-temperature-vlage-sa-display-om-log210","title":{"rendered":"Datalogger za temperature\/vlage sa display-om LOG210"},"content":{"rendered":"<ul>\n<li>Za pra\u0107enje temperature i vlage<\/li>\n<li>LED status i alarm<\/li>\n<li>Memorija za 100.000 zapisa<\/li>\n<li>MAX \/ MIN \/ AVG funkcija, ta\u010dka rosi\u0161ta<\/li>\n<li>Plug and Play &#8211; softver nije potreban (unapred programiran interval od 15 minuta)<\/li>\n<li>Automatski izlaz kao PDF datoteka, opcioni download softvera za konfiguraciju<\/li>\n<li>Interval skladi\u0161tenja podesiv (10 sekundi do 24 sata)<\/li>\n<li>HI \/ LO alarm, senzor pokreta za snimanje \u0161oka npr. promjena lokacije ili otvaranja vrata i prozora<\/li>\n<li>Za\u0161titado IP65<\/li>\n<li>U skladu sa EN 12830<\/li>\n<li>USB interfejs<\/li>\n<li>Sa dr\u017ea\u010dem na zidu, uklju\u010den je i tvorni\u010dki sertifikat<\/li>\n<li>Made in Germany<\/li>\n<\/ul>\n<table class=\"table table-bordered table-components\">\n<tbody>\n<tr>\n<td>Isporuka uklju\u010duje<\/td>\n<td>datalogger, tvorni\u010dki certifikat, dr\u017ea\u010d za zid, baterije, uputstvo<\/td>\n<\/tr>\n<tr>\n<td>Measuring range humidity<\/td>\n<td>0\u2026100 %<\/td>\n<\/tr>\n<tr>\n<td>Measuring range temperature<\/td>\n<td>-40\u2026+70\u00b0C<\/td>\n<\/tr>\n<tr>\n<td>Material<\/td>\n<td>Plastic<\/td>\n<\/tr>\n<tr>\n<td>Power consumption<\/td>\n<td>Batteries<\/td>\n<\/tr>\n<tr>\n<td>Assembling<\/td>\n<td>Wall mounting<\/td>\n<\/tr>\n<tr>\n<td>Batteries included<\/td>\n<td>Yes<\/td>\n<\/tr>\n<tr>\n<td>Batteries<\/td>\n<td>1 x 3,6 V 1\/2 AA<\/td>\n<\/tr>\n<tr>\n<td>Dimensions<\/td>\n<td>(L) 43 (49) x (B) 21 (30) x (H) 92 (98) mm<\/td>\n<\/tr>\n<tr>\n<td>Weight<\/td>\n<td>60 g<\/td>\n<\/tr>\n<\/tbody>\n<\/table>\n","protected":false},"excerpt":{"rendered":"<ul>\n<li>Za pra\u0107enje temperature i vlage<\/li>\n<li>Memorija za 1o0.000 zapisa<\/li>\n<li>MAX \/ MIN \/ AVG funkcija, HI \/ LO alarm, ta\u010dka rosi\u0161ta<\/li>\n<li>USB interfejs sa automatskim PDF izlazom<\/li>\n<li>Besplatan softver<\/li>\n<\/ul>\n<p><a href=\"https:\/\/mjerna-tehnika.ba\/bs\/wp-content\/uploads\/Datalogger-LOG200_LOG210_LOG220_manual.pdf\">Datalogger LOG200_LOG210_LOG220_manual<\/a><\/p>\n","protected":false},"featured_media":1177,"comment_status":"open","ping_status":"closed","template":"","meta":{"_uf_show_specific_survey":0,"_uf_disable_surveys":false},"product_brand":[],"product_cat":[42,43],"product_tag":[],"class_list":{"0":"post-1176","1":"product","2":"type-product","3":"status-publish","4":"has-post-thumbnail","6":"product_cat-dataloggeri","7":"product_cat-termohigrometri","9":"first","10":"instock","11":"taxable","12":"shipping-taxable","13":"purchasable","14":"product-type-simple"},"aioseo_notices":[],"_links":{"self":[{"href":"https:\/\/mjerna-tehnika.ba\/bs\/index.php?rest_route=\/wp\/v2\/product\/1176","targetHints":{"allow":["GET"]}}],"collection":[{"href":"https:\/\/mjerna-tehnika.ba\/bs\/index.php?rest_route=\/wp\/v2\/product"}],"about":[{"href":"https:\/\/mjerna-tehnika.ba\/bs\/index.php?rest_route=\/wp\/v2\/types\/product"}],"replies":[{"embeddable":true,"href":"https:\/\/mjerna-tehnika.ba\/bs\/index.php?rest_route=%2Fwp%2Fv2%2Fcomments&post=1176"}],"wp:featuredmedia":[{"embeddable":true,"href":"https:\/\/mjerna-tehnika.ba\/bs\/index.php?rest_route=\/wp\/v2\/media\/1177"}],"wp:attachment":[{"href":"https:\/\/mjerna-tehnika.ba\/bs\/index.php?rest_route=%2Fwp%2Fv2%2Fmedia&parent=1176"}],"wp:term":[{"taxonomy":"product_brand","embeddable":true,"href":"https:\/\/mjerna-tehnika.ba\/bs\/index.php?rest_route=%2Fwp%2Fv2%2Fproduct_brand&post=1176"},{"taxonomy":"product_cat","embeddable":true,"href":"https:\/\/mjerna-tehnika.ba\/bs\/index.php?rest_route=%2Fwp%2Fv2%2Fproduct_cat&post=1176"},{"taxonomy":"product_tag","embeddable":true,"href":"https:\/\/mjerna-tehnika.ba\/bs\/index.php?rest_route=%2Fwp%2Fv2%2Fproduct_tag&post=1176"}],"curies":[{"name":"wp","href":"https:\/\/api.w.org\/{rel}","templated":true}]}}