{"id":1170,"date":"2018-11-27T14:31:46","date_gmt":"2018-11-27T14:31:46","guid":{"rendered":"https:\/\/mjerna-tehnika.ba\/bs\/product\/datalogger-za-temperaturu-sa-display-om-log200\/"},"modified":"2018-11-27T14:42:27","modified_gmt":"2018-11-27T14:42:27","slug":"datalogger-za-temperaturu-sa-display-om-log200","status":"publish","type":"product","link":"https:\/\/mjerna-tehnika.ba\/bs\/?product=datalogger-za-temperaturu-sa-display-om-log200","title":{"rendered":"Datalogger za temperaturu sa display-om LOG200"},"content":{"rendered":"<ul>\n<li>Za pra\u0107enje temperature<\/li>\n<li>LED status i alarm<\/li>\n<li>Memorija za 150.000 zapisa<\/li>\n<li>MAX \/ MIN \/ AVG funkcija<\/li>\n<li>Plug and Play &#8211; softver nije potreban (unapred programiran interval od 15 minuta)<\/li>\n<li>Automatski izlaz kao PDF datoteka, opcioni download softvera za konfiguraciju<\/li>\n<li>Interval skladi\u0161tenja podesiv (10 sekundi do 24 sata)<\/li>\n<li>HI \/ LO alarm, senzor pokreta za snimanje \u0161oka npr. promjena lokacije ili otvaranja vrata i prozora<\/li>\n<li>Za\u0161titado IP65<\/li>\n<li>U skladu sa EN 12830<\/li>\n<li>USB interfejs<\/li>\n<li>Sa dr\u017ea\u010dem na zidu, uklju\u010den je i tvorni\u010dki sertifikat<\/li>\n<li>Made in Germany<\/li>\n<\/ul>\n<p>&nbsp;<\/p>\n<ul>\n<li>\n<table class=\"table table-bordered table-components\">\n<tbody>\n<tr>\n<td>Isporuka uklju\u010duje<\/td>\n<td>Data logger, dr\u017ea\u010d za zid, baterije, uputstvo<\/td>\n<\/tr>\n<tr>\n<td>Mjerno podru\u010dje<\/td>\n<td>-40&#8230;+70\u00b0C (-40&#8230;+158\u00b0F)<\/td>\n<\/tr>\n<tr>\n<td>Materijal<\/td>\n<td>Plastic<\/td>\n<\/tr>\n<tr>\n<td>Power consumption<\/td>\n<td>Batteries<\/td>\n<\/tr>\n<tr>\n<td>Assembling<\/td>\n<td>Wall mounting<\/td>\n<\/tr>\n<tr>\n<td>Batteries included<\/td>\n<td>Yes<\/td>\n<\/tr>\n<tr>\n<td>Batteries<\/td>\n<td>1 x 3,6 V 1\/2 AA<\/td>\n<\/tr>\n<tr>\n<td>Dimensions<\/td>\n<td>(L) 43 (49) x (B) 21 (30) x (H) 92 (98) mm<\/td>\n<\/tr>\n<tr>\n<td>Weight<\/td>\n<td>60 g<\/td>\n<\/tr>\n<\/tbody>\n<\/table>\n<\/li>\n<\/ul>\n","protected":false},"excerpt":{"rendered":"<ul>\n<li>Za pra\u0107enje temperature<\/li>\n<li>Memorija za 150.000 zapisa<\/li>\n<li>MAX \/ MIN \/ AVG funkcija, HI \/ LO alarm<\/li>\n<li>USB interfejs sa automatskim PDF izlazom<\/li>\n<li>Besplatan softver<\/li>\n<\/ul>\n<p><a href=\"https:\/\/mjerna-tehnika.ba\/bs\/wp-content\/uploads\/Datalogger-LOG200_LOG210_LOG220_manual.pdf\">Datalogger LOG200_LOG210_LOG220_manual<\/a><\/p>\n","protected":false},"featured_media":1171,"comment_status":"open","ping_status":"closed","template":"","meta":{"_uf_show_specific_survey":0,"_uf_disable_surveys":false},"product_brand":[],"product_cat":[42,43],"product_tag":[],"class_list":{"0":"post-1170","1":"product","2":"type-product","3":"status-publish","4":"has-post-thumbnail","6":"product_cat-dataloggeri","7":"product_cat-termohigrometri","9":"first","10":"instock","11":"taxable","12":"shipping-taxable","13":"purchasable","14":"product-type-simple"},"aioseo_notices":[],"_links":{"self":[{"href":"https:\/\/mjerna-tehnika.ba\/bs\/index.php?rest_route=\/wp\/v2\/product\/1170","targetHints":{"allow":["GET"]}}],"collection":[{"href":"https:\/\/mjerna-tehnika.ba\/bs\/index.php?rest_route=\/wp\/v2\/product"}],"about":[{"href":"https:\/\/mjerna-tehnika.ba\/bs\/index.php?rest_route=\/wp\/v2\/types\/product"}],"replies":[{"embeddable":true,"href":"https:\/\/mjerna-tehnika.ba\/bs\/index.php?rest_route=%2Fwp%2Fv2%2Fcomments&post=1170"}],"wp:featuredmedia":[{"embeddable":true,"href":"https:\/\/mjerna-tehnika.ba\/bs\/index.php?rest_route=\/wp\/v2\/media\/1171"}],"wp:attachment":[{"href":"https:\/\/mjerna-tehnika.ba\/bs\/index.php?rest_route=%2Fwp%2Fv2%2Fmedia&parent=1170"}],"wp:term":[{"taxonomy":"product_brand","embeddable":true,"href":"https:\/\/mjerna-tehnika.ba\/bs\/index.php?rest_route=%2Fwp%2Fv2%2Fproduct_brand&post=1170"},{"taxonomy":"product_cat","embeddable":true,"href":"https:\/\/mjerna-tehnika.ba\/bs\/index.php?rest_route=%2Fwp%2Fv2%2Fproduct_cat&post=1170"},{"taxonomy":"product_tag","embeddable":true,"href":"https:\/\/mjerna-tehnika.ba\/bs\/index.php?rest_route=%2Fwp%2Fv2%2Fproduct_tag&post=1170"}],"curies":[{"name":"wp","href":"https:\/\/api.w.org\/{rel}","templated":true}]}}