{"id":1152,"date":"2018-11-27T13:58:01","date_gmt":"2018-11-27T13:58:01","guid":{"rendered":"https:\/\/mjerna-tehnika.ba\/bs\/product\/luksmetar-pce-174\/"},"modified":"2023-09-29T09:01:11","modified_gmt":"2023-09-29T09:01:11","slug":"luksmetar-pce-174","status":"publish","type":"product","link":"https:\/\/mjerna-tehnika.ba\/bs\/?product=luksmetar-pce-174","title":{"rendered":"Luksmetar PCE-LMD 10"},"content":{"rendered":"<p style=\"text-align: center;\"><strong>Lux metar sa eksternom sondom \/ brzina uzorkovanja 4 Hz \/ opseg mjerenja 0 &#8230; 400 kLux \/<\/strong><br \/>\n<strong>Micro-USB interface \/ jedinice: lux, &#8220;footcandle&#8221; \/ opciono sa ISO kalibracijskim certifikatom<\/strong><\/p>\n<p>Luksmetar ima veliki mjerni opseg od 0 \u2026 400 kLux. Osvjetljenost se mjeri kori\u0161tenjem eksterne silikonske fotodiode sa spektralnim filterom. Ovo omogu\u0107ava da se luksometar pravilno pozicionira za bilo koji zadatak mjerenja. Izmjerene vrijednosti mogu biti prikazane\u00a0 u luksima i u footcandle. Osim normalnog prikaza izmjerene vrijednosti pomo\u0107u luxmetra, izmjerena vrijednost se tako\u0111er prikazuje na skali.<\/p>\n<p>Luksmetar ima dodatne funkcije tako da se mo\u017ee izvr\u0161iti analiza osvjetljenja. Uz dodatne funkcije luxmetra, najve\u0107a i najmanja izmjerena vrijednost mo\u017ee se prikazati pomo\u0107u tipki &#8220;MIN&#8221; i &#8220;MAX&#8221;. Dodatno, prikazana izmjerena vrijednost mo\u017ee se postaviti u odnosu na referencu pomo\u0107u tipke &#8220;REL&#8221;. Sa funkcijom &#8220;PEAK&#8221;, luxmetar bilje\u017ei vr\u0161ne vrijednosti. Luksmetar ima brzinu uzorkovanja od 10 \u00b5s.<\/p>\n<p>PCE-LMD 10 tako\u0111e ima memoriju podataka od 32.000 izmjerenih vrijednosti. Izmjerene vrijednosti sa lux metra mogu se o\u010ditati i analizirati na PC-u nakon mjerenja. Mogu\u0107e je i mjerenje u\u017eivo na ra\u010dunaru pomo\u0107u lux-metra. Podaci sa lux metra mogu se izvesti u CSV formatu za dalju obradu.<\/p>\n<p>Ugra\u0111ena Li-Ion baterija od 3,7 V mo\u017ee se puniti iz lux metra putem 5 V DC veze preko mikro-USB interface-a. Zbog svog mjernog opsega i razli\u010ditih funkcija, luxmetar se koristi za kontrolu osvjetljenja u staklenicima, na radnom mjestu u proizvodnim radionicama, u foto studijima, &#8230; Opciono, lux metar mo\u017ee biti isporu\u010den sa\u00a0 ISO kalibracijskim certifikatom.<\/p>\n<p>&#8211; punjiva baterija<br \/>\n&#8211; Micro USB interface<br \/>\n&#8211; Mjerni opseg 0 &#8230; 400,0 kLux<br \/>\n&#8211; Jedinice Luks i\u00a0 footcandle<br \/>\n&#8211; LC display sa pozadinskim osvetljenjem<br \/>\n&#8211; opciono sa ISO kalibracionim sertifikatom<\/p>\n<p style=\"font-weight: 400;\"><strong>Opseg isporuke<br \/>\n<\/strong>1 x Luksometar PCE-LMD 10 sa internim spremnikom podataka, 1 x senzor za svjetlo i kabel, 1 x software, USB kabal, 1 x baterija, uputstvo<\/p>\n","protected":false},"excerpt":{"rendered":"<h4>Lux metar sa eksternom sondom \/ brzina uzorkovanja 4 Hz \/ opseg mjerenja 0 &#8230; 400 kLux \/<br \/>\nMicro-USB interface \/ jedinice: lux, &#8220;footcandle&#8221; \/ opciono sa ISO kalibracijskim certifikatom<\/h4>\n<p>Uz ure\u0111aj dobijate eksterni senzor za svjetlo, software, USB kabal, torbicu, bateriju, uputstvo<\/p>\n<p>&nbsp;<\/p>\n<p><a href=\"https:\/\/mjerna-tehnika.ba\/bs\/wp-content\/uploads\/Luksmetar-PCE-LMD-10.pdf\">Luksmetar PCE-LMD 10<\/a><\/p>\n","protected":false},"featured_media":1892,"comment_status":"open","ping_status":"closed","template":"","meta":{"_uf_show_specific_survey":0,"_uf_disable_surveys":false},"product_brand":[],"product_cat":[74],"product_tag":[],"class_list":{"0":"post-1152","1":"product","2":"type-product","3":"status-publish","4":"has-post-thumbnail","6":"product_cat-luksmetri-luxmetri","8":"first","9":"instock","10":"taxable","11":"shipping-taxable","12":"purchasable","13":"product-type-simple"},"aioseo_notices":[],"_links":{"self":[{"href":"https:\/\/mjerna-tehnika.ba\/bs\/index.php?rest_route=\/wp\/v2\/product\/1152","targetHints":{"allow":["GET"]}}],"collection":[{"href":"https:\/\/mjerna-tehnika.ba\/bs\/index.php?rest_route=\/wp\/v2\/product"}],"about":[{"href":"https:\/\/mjerna-tehnika.ba\/bs\/index.php?rest_route=\/wp\/v2\/types\/product"}],"replies":[{"embeddable":true,"href":"https:\/\/mjerna-tehnika.ba\/bs\/index.php?rest_route=%2Fwp%2Fv2%2Fcomments&post=1152"}],"wp:featuredmedia":[{"embeddable":true,"href":"https:\/\/mjerna-tehnika.ba\/bs\/index.php?rest_route=\/wp\/v2\/media\/1892"}],"wp:attachment":[{"href":"https:\/\/mjerna-tehnika.ba\/bs\/index.php?rest_route=%2Fwp%2Fv2%2Fmedia&parent=1152"}],"wp:term":[{"taxonomy":"product_brand","embeddable":true,"href":"https:\/\/mjerna-tehnika.ba\/bs\/index.php?rest_route=%2Fwp%2Fv2%2Fproduct_brand&post=1152"},{"taxonomy":"product_cat","embeddable":true,"href":"https:\/\/mjerna-tehnika.ba\/bs\/index.php?rest_route=%2Fwp%2Fv2%2Fproduct_cat&post=1152"},{"taxonomy":"product_tag","embeddable":true,"href":"https:\/\/mjerna-tehnika.ba\/bs\/index.php?rest_route=%2Fwp%2Fv2%2Fproduct_tag&post=1152"}],"curies":[{"name":"wp","href":"https:\/\/api.w.org\/{rel}","templated":true}]}}