{"id":1141,"date":"2018-11-27T13:35:05","date_gmt":"2018-11-27T13:35:05","guid":{"rendered":"https:\/\/mjerna-tehnika.ba\/bs\/product\/7-u-1-mjerac-okoline-pce-em888\/"},"modified":"2021-04-08T13:02:07","modified_gmt":"2021-04-08T13:02:07","slug":"7-u-1-mjerac-okoline-pce-em888","status":"publish","type":"product","link":"https:\/\/mjerna-tehnika.ba\/bs\/?product=7-u-1-mjerac-okoline-pce-em888","title":{"rendered":"7 u 1 mjera\u010d okoline PCE-EM888"},"content":{"rendered":"<p>Anemometar PCE-EM 888 omogu\u0107ava precizno mjerenje najva\u017enijih okolinskih uslova. Zahvaljuju\u0107i dimenzijama i maloj te\u017eini, ovaj anemometar PCE-EM 888 je istinska mobilna vremenska stanica i mo\u017ee se koristiti svuda. Sve informacije se prikazuju kao numeri\u010dka vrijednost samo sa jednim pritiskom na dugme.<\/p>\n<ul>\n<li>Merni opseg brzine brzine vjetra: 1,4 &#8230; 108 km \/ h<\/li>\n<li>Protok: max. 54000 CMM<\/li>\n<li>Vla\u017enost: 10 &#8230; 95% r.F<\/li>\n<li>Temperatura: 0 &#8230; 50 \u00b0 C<\/li>\n<li>Temperatura sa K-tipom:\u00a0 \u00a0-100 &#8230; 1300 \u00b0 C<\/li>\n<li>Osvetljenje: 0 &#8230; 2000 luksa<\/li>\n<li>Pritisak:\u00a010 &#8230; 999,9 hPa<\/li>\n<\/ul>\n<p>&nbsp;<\/p>\n<p>&nbsp;<\/p>\n","protected":false},"excerpt":{"rendered":"<p>&nbsp;<\/p>\n<p>7u1 mjera\u010d okoline PCE-EM 888 omogu\u0107ava precizno mjerenje najva\u017enijih okolinskih uslova: temperature vazduha,\u00a0temperature sa k-tip senzorom, vlage, brzine vjetra, protoka, osvjetljenja, atmosferskog pritiska<\/p>\n<p><a href=\"https:\/\/mjerna-tehnika.ba\/bs\/wp-content\/uploads\/Mjera\u010d-okoline-PCE-EM888.pdf\">Mjera\u010d okoline PCE-EM888<\/a><\/p>\n<p>&nbsp;<\/p>\n","protected":false},"featured_media":1142,"comment_status":"open","ping_status":"closed","template":"","meta":{"_uf_show_specific_survey":0,"_uf_disable_surveys":false},"product_brand":[],"product_cat":[35,74,43,45],"product_tag":[],"class_list":{"0":"post-1141","1":"product","2":"type-product","3":"status-publish","4":"has-post-thumbnail","6":"product_cat-anemometri","7":"product_cat-luksmetri-luxmetri","8":"product_cat-termohigrometri","9":"product_cat-vremenske-stanice","11":"first","12":"instock","13":"taxable","14":"shipping-taxable","15":"purchasable","16":"product-type-simple"},"aioseo_notices":[],"_links":{"self":[{"href":"https:\/\/mjerna-tehnika.ba\/bs\/index.php?rest_route=\/wp\/v2\/product\/1141","targetHints":{"allow":["GET"]}}],"collection":[{"href":"https:\/\/mjerna-tehnika.ba\/bs\/index.php?rest_route=\/wp\/v2\/product"}],"about":[{"href":"https:\/\/mjerna-tehnika.ba\/bs\/index.php?rest_route=\/wp\/v2\/types\/product"}],"replies":[{"embeddable":true,"href":"https:\/\/mjerna-tehnika.ba\/bs\/index.php?rest_route=%2Fwp%2Fv2%2Fcomments&post=1141"}],"wp:featuredmedia":[{"embeddable":true,"href":"https:\/\/mjerna-tehnika.ba\/bs\/index.php?rest_route=\/wp\/v2\/media\/1142"}],"wp:attachment":[{"href":"https:\/\/mjerna-tehnika.ba\/bs\/index.php?rest_route=%2Fwp%2Fv2%2Fmedia&parent=1141"}],"wp:term":[{"taxonomy":"product_brand","embeddable":true,"href":"https:\/\/mjerna-tehnika.ba\/bs\/index.php?rest_route=%2Fwp%2Fv2%2Fproduct_brand&post=1141"},{"taxonomy":"product_cat","embeddable":true,"href":"https:\/\/mjerna-tehnika.ba\/bs\/index.php?rest_route=%2Fwp%2Fv2%2Fproduct_cat&post=1141"},{"taxonomy":"product_tag","embeddable":true,"href":"https:\/\/mjerna-tehnika.ba\/bs\/index.php?rest_route=%2Fwp%2Fv2%2Fproduct_tag&post=1141"}],"curies":[{"name":"wp","href":"https:\/\/api.w.org\/{rel}","templated":true}]}}