{"id":1134,"date":"2018-11-27T13:19:51","date_gmt":"2018-11-27T13:19:51","guid":{"rendered":"https:\/\/mjerna-tehnika.ba\/bs\/product\/mjerac-debljine-nanosa-pce-ct-27fn\/"},"modified":"2025-09-25T09:27:47","modified_gmt":"2025-09-25T09:27:47","slug":"mjerac-debljine-nanosa-pce-ct-27fn","status":"publish","type":"product","link":"https:\/\/mjerna-tehnika.ba\/bs\/?product=mjerac-debljine-nanosa-pce-ct-27fn","title":{"rendered":"Mjera\u010d debljine nanosa PCE-CT 27FN"},"content":{"rendered":"<p>&nbsp;<\/p>\n<ul>\n<li><span id=\"result_box\" lang=\"hr\"><span class=\"hps\">F \/<\/span> <span class=\"hps\">N:<\/span> <span class=\"hps\">Dual senzor za mjerenje svih nemagnetnih prevlaka na magnetnim i nemagnetnim materijalima, <\/span><span class=\"hps\">kao \u0161to su<\/span> <span class=\"hps\">\u017eeljezo, \u010delik,<\/span><span class=\"hps\">aluminij,&#8230;<\/span><\/span><\/li>\n<li><span id=\"result_box\" lang=\"hr\"><span class=\"hps\">M<\/span><span class=\"hps\">jerno podru\u010dje<\/span><\/span>: 0 &#8230; 1250 \u00b5m<\/li>\n<li>Ta\u010dnost: \u00b1 2 %\u00a0 +1 \u00b5m<\/li>\n<li><span id=\"result_box\" lang=\"hr\"><span class=\"hps\">Eksterna mjerna sonda<\/span><\/span><\/li>\n<li><span id=\"result_box\" lang=\"hr\"><span class=\"hps\">Prakti\u010dan<\/span> <span class=\"hps\">V<\/span>-utor <span class=\"hps\">na<\/span> <span class=\"hps\">senzorima<\/span> <span class=\"hps\">olak\u0161ava<\/span> <span class=\"hps\">mjerenje<\/span> <span class=\"hps\">okruglih<\/span> <span class=\"hps\">objekata<\/span><\/span><\/li>\n<li><span lang=\"hr\"><span class=\"hps\">Napajanje: <\/span><\/span>2 x 1,5 V AAA\u00a0 baterije<\/li>\n<li>U isporuku je uklju\u010deno: baterije, kalibracijski standardi, kofer, uputstvo<\/li>\n<\/ul>\n","protected":false},"excerpt":{"rendered":"<p>Mjeri debljinu boje na magnetnim i nemagnetnim materijalima\u00a0 kao \u0161to su \u017eeljezo, \u010delik, aluminij, bakar, mjed i nehr\u0111aju\u0107i \u010delik<\/p>\n<p>Mjeri nanos boje, plastike, hroma, bakra, cinka, emajla itd<br \/>\nMjerno podru\u010dje: 0 &#8230; 1250 \u00b5m<\/p>\n","protected":false},"featured_media":1135,"comment_status":"open","ping_status":"closed","template":"","meta":{"_uf_show_specific_survey":0,"_uf_disable_surveys":false},"product_brand":[],"product_cat":[76,39],"product_tag":[],"class_list":{"0":"post-1134","1":"product","2":"type-product","3":"status-publish","4":"has-post-thumbnail","6":"product_cat-ispitivanje-materijala","7":"product_cat-mjeraci-debljine-nanosa-boje","9":"first","10":"instock","11":"taxable","12":"shipping-taxable","13":"purchasable","14":"product-type-simple"},"aioseo_notices":[],"_links":{"self":[{"href":"https:\/\/mjerna-tehnika.ba\/bs\/index.php?rest_route=\/wp\/v2\/product\/1134","targetHints":{"allow":["GET"]}}],"collection":[{"href":"https:\/\/mjerna-tehnika.ba\/bs\/index.php?rest_route=\/wp\/v2\/product"}],"about":[{"href":"https:\/\/mjerna-tehnika.ba\/bs\/index.php?rest_route=\/wp\/v2\/types\/product"}],"replies":[{"embeddable":true,"href":"https:\/\/mjerna-tehnika.ba\/bs\/index.php?rest_route=%2Fwp%2Fv2%2Fcomments&post=1134"}],"wp:featuredmedia":[{"embeddable":true,"href":"https:\/\/mjerna-tehnika.ba\/bs\/index.php?rest_route=\/wp\/v2\/media\/1135"}],"wp:attachment":[{"href":"https:\/\/mjerna-tehnika.ba\/bs\/index.php?rest_route=%2Fwp%2Fv2%2Fmedia&parent=1134"}],"wp:term":[{"taxonomy":"product_brand","embeddable":true,"href":"https:\/\/mjerna-tehnika.ba\/bs\/index.php?rest_route=%2Fwp%2Fv2%2Fproduct_brand&post=1134"},{"taxonomy":"product_cat","embeddable":true,"href":"https:\/\/mjerna-tehnika.ba\/bs\/index.php?rest_route=%2Fwp%2Fv2%2Fproduct_cat&post=1134"},{"taxonomy":"product_tag","embeddable":true,"href":"https:\/\/mjerna-tehnika.ba\/bs\/index.php?rest_route=%2Fwp%2Fv2%2Fproduct_tag&post=1134"}],"curies":[{"name":"wp","href":"https:\/\/api.w.org\/{rel}","templated":true}]}}