{"id":1121,"date":"2018-04-14T10:07:26","date_gmt":"2018-04-14T10:07:26","guid":{"rendered":"https:\/\/mjerna-tehnika.ba\/bs\/product\/psihrometar-infracrveni-termometar-pce-320\/"},"modified":"2019-12-03T11:28:46","modified_gmt":"2019-12-03T11:28:46","slug":"psihrometar-infracrveni-termometar-pce-320","status":"publish","type":"product","link":"https:\/\/mjerna-tehnika.ba\/bs\/?product=psihrometar-infracrveni-termometar-pce-320","title":{"rendered":"Psihrometar, infracrveni termometar PCE-320"},"content":{"rendered":"<p>Messbereich Temperatur (intern)<\/p>\n<p>-20 &#8230; +60 \u00b0C<br \/>\nAufl\u00f6sung \u00a0\u00a0 \u00a00,1 \u00b0C<br \/>\nGenauigkeit (intern) \u00a0\u00a0\u00a0 \u00a0\u00b1 1,0 \u00b0C<\/p>\n<p>Messbereich rel. Feuchte \u00a0\u00a0\u00a0 \u00a010 &#8230; 90 % r.F.<br \/>\nAufl\u00f6sung \u00a0\u00a0 \u00a00,1 %<br \/>\nGenauigkeit \u00a0\u00a0 \u00a0\u00b1 3 %<\/p>\n<p>Messbereich Feuchtkugeltemperatur \u00a0\u00a0 \u00a021,6 &#8230; +60 \u00b0C<br \/>\nGenauigkeit \u00a0\u00a0 \u00a0\u00b1 1,0 \u00b0C<\/p>\n<p>Messbereich Taupunkttemperatur \u00a0\u00a0 \u00a0-68 &#8230; + 60 \u00b0C<br \/>\nGenauigkeit \u00a0\u00a0 \u00a0\u00b1 1,0 \u00b0C<\/p>\n<p>Temperatur (externer F\u00fchler K-Typ)<br \/>\nje nach angeschlossenem F\u00fchler<br \/>\n-100 &#8230; 1372 \u00b0C<br \/>\nAufl\u00f6sung \u00a0\u00a0 \u00a00,1 \u00b0C<br \/>\nGenauigkeit \u00a0\u00a0 \u00a0\u00b1 5,0 \u00b0C<\/p>\n<p>Temperatur (Infrarotmessung) \u00a0\u00a0 \u00a0-20 &#8230; 500 \u00b0C<br \/>\nAufl\u00f6sung \u00a0\u00a0 \u00a00,1 \u00b0C<br \/>\nGenauigkeit \u00a0\u00a0 \u00a0\u00b1 2 \u00b0C oder \u00b1 2 %<br \/>\n(der h\u00f6here Wert gilt)<\/p>\n<p>Ansprechzeit \u00a0\u00a0 \u00a0ca. 60 s<br \/>\nFeuchte-Sensortyp \u00a0\u00a0 \u00a0Widerstandsf\u00fchler<br \/>\nSoftware \u00a0\u00a0 \u00a0ab Windows\u00ae 98<br \/>\nDatenspeicher \u00a0\u00a0 \u00a0Max.- Min. Wert<br \/>\nExterne Temperaturf\u00fchler \u00a0\u00a0 \u00a01 St\u00fcck (Drahtf\u00fchler mit 1 m L\u00e4nge) \/ viele weitere F\u00fchler optional im Zubeh\u00f6r erh\u00e4ltlich<br \/>\nAnzeige \u00a0\u00a0 \u00a0Mehrfach-LCD-Display zur gleichzeitigen Darstellung mehrerer Gr\u00f6ssen<br \/>\nVersorgung \u00a0\u00a0 \u00a01 x 9 V Block-Batterie<br \/>\nUmgebungsbedingungen \u00a0\u00a0 \u00a0-20 &#8230; +60 \u00b0C \/ 0 &#8230; 90 % r.F.<br \/>\nAbmessungen \u00a0\u00a0 \u00a0257 x 76 x 53 mm<br \/>\nGewicht \u00a0\u00a0 \u00a0355 g<\/p>\n","protected":false},"excerpt":{"rendered":"<h4 style=\"text-align: left;\"><\/h4>\n<h4 style=\"text-align: left;\">Relativna temperatura, relativna vlaga, ta\u010dka rosi\u0161ta, infracrveni termometar, k-tip senzor za kontaktno mjerenje, software uklju\u010den u isporuku<\/h4>\n<p>Tehni\u010dke krakteristike:<\/p>\n<p><a href=\"https:\/\/mjerna-tehnika.ba\/bs\/wp-content\/uploads\/TERMOHIGROMETAR-PCE-320.pdf\">TERMOHIGROMETAR PCE-320<\/a><\/p>\n","protected":false},"featured_media":1122,"comment_status":"open","ping_status":"closed","template":"","meta":{"_uf_show_specific_survey":0,"_uf_disable_surveys":false},"product_brand":[],"product_cat":[43],"product_tag":[],"class_list":{"0":"post-1121","1":"product","2":"type-product","3":"status-publish","4":"has-post-thumbnail","6":"product_cat-termohigrometri","8":"first","9":"instock","10":"taxable","11":"shipping-taxable","12":"purchasable","13":"product-type-simple"},"aioseo_notices":[],"_links":{"self":[{"href":"https:\/\/mjerna-tehnika.ba\/bs\/index.php?rest_route=\/wp\/v2\/product\/1121","targetHints":{"allow":["GET"]}}],"collection":[{"href":"https:\/\/mjerna-tehnika.ba\/bs\/index.php?rest_route=\/wp\/v2\/product"}],"about":[{"href":"https:\/\/mjerna-tehnika.ba\/bs\/index.php?rest_route=\/wp\/v2\/types\/product"}],"replies":[{"embeddable":true,"href":"https:\/\/mjerna-tehnika.ba\/bs\/index.php?rest_route=%2Fwp%2Fv2%2Fcomments&post=1121"}],"wp:featuredmedia":[{"embeddable":true,"href":"https:\/\/mjerna-tehnika.ba\/bs\/index.php?rest_route=\/wp\/v2\/media\/1122"}],"wp:attachment":[{"href":"https:\/\/mjerna-tehnika.ba\/bs\/index.php?rest_route=%2Fwp%2Fv2%2Fmedia&parent=1121"}],"wp:term":[{"taxonomy":"product_brand","embeddable":true,"href":"https:\/\/mjerna-tehnika.ba\/bs\/index.php?rest_route=%2Fwp%2Fv2%2Fproduct_brand&post=1121"},{"taxonomy":"product_cat","embeddable":true,"href":"https:\/\/mjerna-tehnika.ba\/bs\/index.php?rest_route=%2Fwp%2Fv2%2Fproduct_cat&post=1121"},{"taxonomy":"product_tag","embeddable":true,"href":"https:\/\/mjerna-tehnika.ba\/bs\/index.php?rest_route=%2Fwp%2Fv2%2Fproduct_tag&post=1121"}],"curies":[{"name":"wp","href":"https:\/\/api.w.org\/{rel}","templated":true}]}}