{"id":1111,"date":"2017-11-21T10:33:15","date_gmt":"2017-11-21T10:33:15","guid":{"rendered":"https:\/\/mjerna-tehnika.ba\/bs\/product\/vremenska-stanica-tfa-dostmann-20-2027-06\/"},"modified":"2017-11-21T10:48:48","modified_gmt":"2017-11-21T10:48:48","slug":"vremenska-stanica-tfa-dostmann-20-2027-06","status":"publish","type":"product","link":"https:\/\/mjerna-tehnika.ba\/bs\/?product=vremenska-stanica-tfa-dostmann-20-2027-06","title":{"rendered":"Vremenska stanica TFA Dostmann 20.2027.06"},"content":{"rendered":"<div id=\"detaljni-opis\" class=\"artikal_detaljniopis_tekst\">\n<p>Analogni termohigroimetar-barometar za vanjsku i unutra\u0161nju upotrebu<\/p>\n<p>&#8211; Nehr\u0111aju\u010du \u010delik<br \/>\n&#8211; Monta\u017ea na zid, \u00d8 160 x 46 mm, 330 g,<\/p>\n<p><a href=\"http:\/\/www.amt-metriks.ba\/cms\/index.php?prodajni-program\">www.amt-metriks.ba<\/a><\/p>\n<\/div>\n","protected":false},"excerpt":{"rendered":"<p><a href=\"https:\/\/mjerna-tehnika.ba\/bs\/wp-content\/uploads\/woocommerce_uploads\/Vremenska-stanica_TFA_20.2027.60.pdf\">Vremenska stanica_TFA_20.2027.60<\/a><\/p>\n<p>Analogni termohigroimetar-barometar za vanjsku i unutra\u0161nju upotrebu<\/p>\n<p>&#8211; Nehr\u0111aju\u010du \u010delik<br \/>\n&#8211; Monta\u017ea na zid, \u00d8 160 x 46 mm, 330 g,<\/p>\n<p><a title=\"\" href=\"http:\/\/www.amt-metriks.ba\" target=\"\">www.amt-metriks.ba<\/a><\/p>\n<p>&nbsp;<\/p>\n","protected":false},"featured_media":1112,"comment_status":"open","ping_status":"closed","template":"","meta":{"_uf_show_specific_survey":0,"_uf_disable_surveys":false},"product_brand":[],"product_cat":[51,43,40,45],"product_tag":[],"class_list":{"0":"post-1111","1":"product","2":"type-product","3":"status-publish","4":"has-post-thumbnail","6":"product_cat-mjeraci-vlage","7":"product_cat-termohigrometri","8":"product_cat-termometri","9":"product_cat-vremenske-stanice","11":"first","12":"instock","13":"downloadable","14":"taxable","15":"shipping-taxable","16":"purchasable","17":"product-type-simple"},"aioseo_notices":[],"_links":{"self":[{"href":"https:\/\/mjerna-tehnika.ba\/bs\/index.php?rest_route=\/wp\/v2\/product\/1111","targetHints":{"allow":["GET"]}}],"collection":[{"href":"https:\/\/mjerna-tehnika.ba\/bs\/index.php?rest_route=\/wp\/v2\/product"}],"about":[{"href":"https:\/\/mjerna-tehnika.ba\/bs\/index.php?rest_route=\/wp\/v2\/types\/product"}],"replies":[{"embeddable":true,"href":"https:\/\/mjerna-tehnika.ba\/bs\/index.php?rest_route=%2Fwp%2Fv2%2Fcomments&post=1111"}],"wp:featuredmedia":[{"embeddable":true,"href":"https:\/\/mjerna-tehnika.ba\/bs\/index.php?rest_route=\/wp\/v2\/media\/1112"}],"wp:attachment":[{"href":"https:\/\/mjerna-tehnika.ba\/bs\/index.php?rest_route=%2Fwp%2Fv2%2Fmedia&parent=1111"}],"wp:term":[{"taxonomy":"product_brand","embeddable":true,"href":"https:\/\/mjerna-tehnika.ba\/bs\/index.php?rest_route=%2Fwp%2Fv2%2Fproduct_brand&post=1111"},{"taxonomy":"product_cat","embeddable":true,"href":"https:\/\/mjerna-tehnika.ba\/bs\/index.php?rest_route=%2Fwp%2Fv2%2Fproduct_cat&post=1111"},{"taxonomy":"product_tag","embeddable":true,"href":"https:\/\/mjerna-tehnika.ba\/bs\/index.php?rest_route=%2Fwp%2Fv2%2Fproduct_tag&post=1111"}],"curies":[{"name":"wp","href":"https:\/\/api.w.org\/{rel}","templated":true}]}}