{"id":1098,"date":"2017-11-04T13:46:18","date_gmt":"2017-11-04T13:46:18","guid":{"rendered":"https:\/\/mjerna-tehnika.ba\/bs\/?post_type=product&#038;p=1098"},"modified":"2017-11-04T13:46:18","modified_gmt":"2017-11-04T13:46:18","slug":"refraktometar-abbe-2waj","status":"publish","type":"product","link":"https:\/\/mjerna-tehnika.ba\/bs\/?product=refraktometar-abbe-2waj","title":{"rendered":"Refraktometar ABBE, 2WAJ"},"content":{"rendered":"<p style=\"text-align: left;\"><span lang=\"DE\">Abbe &#8211; Refraktometar je ure\u0111aj za brzo i ta\u010dno mjerenje refrakcijskog indexa nD izme\u0111u 1,300 i 1,700 kao i koli\u010dine \u0161e\u0107era prozirnih teku\u0107ina, disperzija, emulzija &#8230; ili drugih supstanci.\u00a0 <\/span><span lang=\"DE\"><br \/>\nSa Abbe &#8211; Refraktometrom mo\u017eete mjeriti ta\u010dnu koli\u010dinu \u0161e\u0107era u podru\u010dju 0 &#8230; 95 % (1,333 &#8230; 1,531). Podru\u010dje upotrebe je puno ve\u0107e: mjerenje i analiza masti, ulja, boja, lakova, prehrambenih artikala, hemijskih supstanci, alkohola i otopina<\/span><\/p>\n","protected":false},"excerpt":{"rendered":"<table border=\"1\" cellspacing=\"0\" cellpadding=\"0\">\n<tbody>\n<tr>\n<td>Model<\/td>\n<td>2WAJ<\/td>\n<\/tr>\n<tr>\n<td>Refractive Index ND Measurement Range<\/td>\n<td>1.300 &#8211; 1.700<\/td>\n<\/tr>\n<tr>\n<td>Refractive Index ND Measurement Accuracy<\/td>\n<td>\u00b10.0002<\/td>\n<\/tr>\n<tr>\n<td>Refractive Index ND Min. Division<\/td>\n<td>0.0005<\/td>\n<\/tr>\n<tr>\n<td>Glucose Concentration (%)\u00a0 Measurement Range<\/td>\n<td>0 &#8211; 95<\/td>\n<\/tr>\n<tr>\n<td>Glucose Concentration (%) Min. Division<\/td>\n<td>0.5<\/td>\n<\/tr>\n<tr>\n<td>Weight of The Instruments<\/td>\n<td>3 Kg<\/td>\n<\/tr>\n<tr>\n<td>Dimensions of The Instrument<\/td>\n<td>100 x 200 x 240mm<\/td>\n<\/tr>\n<\/tbody>\n<\/table>\n","protected":false},"featured_media":1099,"comment_status":"open","ping_status":"closed","template":"","meta":{"_uf_show_specific_survey":0,"_uf_disable_surveys":false},"product_brand":[],"product_cat":[36],"product_tag":[],"class_list":{"0":"post-1098","1":"product","2":"type-product","3":"status-publish","4":"has-post-thumbnail","6":"product_cat-refraktometri","8":"first","9":"instock","10":"taxable","11":"shipping-taxable","12":"purchasable","13":"product-type-simple"},"aioseo_notices":[],"_links":{"self":[{"href":"https:\/\/mjerna-tehnika.ba\/bs\/index.php?rest_route=\/wp\/v2\/product\/1098","targetHints":{"allow":["GET"]}}],"collection":[{"href":"https:\/\/mjerna-tehnika.ba\/bs\/index.php?rest_route=\/wp\/v2\/product"}],"about":[{"href":"https:\/\/mjerna-tehnika.ba\/bs\/index.php?rest_route=\/wp\/v2\/types\/product"}],"replies":[{"embeddable":true,"href":"https:\/\/mjerna-tehnika.ba\/bs\/index.php?rest_route=%2Fwp%2Fv2%2Fcomments&post=1098"}],"wp:featuredmedia":[{"embeddable":true,"href":"https:\/\/mjerna-tehnika.ba\/bs\/index.php?rest_route=\/wp\/v2\/media\/1099"}],"wp:attachment":[{"href":"https:\/\/mjerna-tehnika.ba\/bs\/index.php?rest_route=%2Fwp%2Fv2%2Fmedia&parent=1098"}],"wp:term":[{"taxonomy":"product_brand","embeddable":true,"href":"https:\/\/mjerna-tehnika.ba\/bs\/index.php?rest_route=%2Fwp%2Fv2%2Fproduct_brand&post=1098"},{"taxonomy":"product_cat","embeddable":true,"href":"https:\/\/mjerna-tehnika.ba\/bs\/index.php?rest_route=%2Fwp%2Fv2%2Fproduct_cat&post=1098"},{"taxonomy":"product_tag","embeddable":true,"href":"https:\/\/mjerna-tehnika.ba\/bs\/index.php?rest_route=%2Fwp%2Fv2%2Fproduct_tag&post=1098"}],"curies":[{"name":"wp","href":"https:\/\/api.w.org\/{rel}","templated":true}]}}