{"id":1096,"date":"2017-11-04T13:32:28","date_gmt":"2017-11-04T13:32:28","guid":{"rendered":"https:\/\/mjerna-tehnika.ba\/bs\/product\/termometar-za-frizidere-hladnjake-tfa-kat-broj-14-4005\/"},"modified":"2017-11-04T13:34:40","modified_gmt":"2017-11-04T13:34:40","slug":"termometar-za-frizidere-hladnjake-tfa-kat-broj-14-4005","status":"publish","type":"product","link":"https:\/\/mjerna-tehnika.ba\/bs\/?product=termometar-za-frizidere-hladnjake-tfa-kat-broj-14-4005","title":{"rendered":"Termometar za fri\u017eidere, hladnjake TFA, kat. broj 14.4005"},"content":{"rendered":"<p>Povoljan plasti\u010dni termometar za fri\u017eidere, hladnjake \u00d8 52 x 11 x 68 mm, 9 g<\/p>\n","protected":false},"excerpt":{"rendered":"<p>Povoljan plasti\u010dni termometar za fri\u017eidere, hladnjake \u00d8 52 x 11 x 68 mm, 9 g<\/p>\n","protected":false},"featured_media":1097,"comment_status":"open","ping_status":"closed","template":"","meta":{"_uf_show_specific_survey":0,"_uf_disable_surveys":false},"product_brand":[],"product_cat":[40],"product_tag":[],"class_list":{"0":"post-1096","1":"product","2":"type-product","3":"status-publish","4":"has-post-thumbnail","6":"product_cat-termometri","8":"first","9":"instock","10":"taxable","11":"shipping-taxable","12":"purchasable","13":"product-type-simple"},"aioseo_notices":[],"_links":{"self":[{"href":"https:\/\/mjerna-tehnika.ba\/bs\/index.php?rest_route=\/wp\/v2\/product\/1096","targetHints":{"allow":["GET"]}}],"collection":[{"href":"https:\/\/mjerna-tehnika.ba\/bs\/index.php?rest_route=\/wp\/v2\/product"}],"about":[{"href":"https:\/\/mjerna-tehnika.ba\/bs\/index.php?rest_route=\/wp\/v2\/types\/product"}],"replies":[{"embeddable":true,"href":"https:\/\/mjerna-tehnika.ba\/bs\/index.php?rest_route=%2Fwp%2Fv2%2Fcomments&post=1096"}],"wp:featuredmedia":[{"embeddable":true,"href":"https:\/\/mjerna-tehnika.ba\/bs\/index.php?rest_route=\/wp\/v2\/media\/1097"}],"wp:attachment":[{"href":"https:\/\/mjerna-tehnika.ba\/bs\/index.php?rest_route=%2Fwp%2Fv2%2Fmedia&parent=1096"}],"wp:term":[{"taxonomy":"product_brand","embeddable":true,"href":"https:\/\/mjerna-tehnika.ba\/bs\/index.php?rest_route=%2Fwp%2Fv2%2Fproduct_brand&post=1096"},{"taxonomy":"product_cat","embeddable":true,"href":"https:\/\/mjerna-tehnika.ba\/bs\/index.php?rest_route=%2Fwp%2Fv2%2Fproduct_cat&post=1096"},{"taxonomy":"product_tag","embeddable":true,"href":"https:\/\/mjerna-tehnika.ba\/bs\/index.php?rest_route=%2Fwp%2Fv2%2Fproduct_tag&post=1096"}],"curies":[{"name":"wp","href":"https:\/\/api.w.org\/{rel}","templated":true}]}}