{"id":1077,"date":"2017-03-14T10:37:58","date_gmt":"2017-03-14T10:37:58","guid":{"rendered":"https:\/\/mjerna-tehnika.ba\/bs\/product\/kranska-viseca-vaga-hs-5-ocs-5-sl-do-5t\/"},"modified":"2017-03-14T10:50:39","modified_gmt":"2017-03-14T10:50:39","slug":"kranska-viseca-vaga-hs-5-ocs-5-sl-do-5t","status":"publish","type":"product","link":"https:\/\/mjerna-tehnika.ba\/bs\/?product=kranska-viseca-vaga-hs-5-ocs-5-sl-do-5t","title":{"rendered":"Kranska, vise\u0107a vaga HS-10 \/ OCS-10-SL, do 10t"},"content":{"rendered":"<p><span id=\"result_box\" class=\"\" lang=\"bs\"><span class=\"\">Mogu\u0107nost odabira jedinica:<\/span><br \/>\nKg, lb, N, kg je postavljeno kao default.<\/span><\/p>\n<p>Multi-<span class=\"\">funkcija<\/span> rada:<br \/>\nTare; Zero; <span class=\"\">Auto<\/span> zero tracking; Total; Hold; upozorenje kod preoptere\u0107enja, rad kroz funkcije daljinskog upravlja\u010da.<\/p>\n<p>Ku\u0107i\u0161te od livenog aluminijuma i aluminijski prednji panel za maksimalnu za\u0161titu; Veliki crveni LED display sa 5 brojki (visina cifara: 30mm); Faktor sigurnosti do \u010detverostrukog kapaciteta; Naznakom prazne baterije; Automatsko isklju\u010divanje<\/p>\n<table width=\"587\">\n<tbody>\n<tr>\n<td colspan=\"2\">Standard<\/td>\n<td colspan=\"2\">According to OIML class III<\/td>\n<td colspan=\"2\" width=\"160\"><\/td>\n<\/tr>\n<tr>\n<td colspan=\"2\">Display<\/td>\n<td colspan=\"2\">30mm (1.2\u2019\u2019) 5digits LCD\/LED<\/td>\n<td colspan=\"2\" width=\"160\"><\/td>\n<\/tr>\n<tr>\n<td colspan=\"2\">Zero Range<\/td>\n<td colspan=\"2\">4% F.S.<\/td>\n<td colspan=\"2\" width=\"160\"><\/td>\n<\/tr>\n<tr>\n<td colspan=\"2\">Tare Range<\/td>\n<td colspan=\"2\">100% F.S.<\/td>\n<td colspan=\"2\" width=\"160\"><\/td>\n<\/tr>\n<tr>\n<td colspan=\"2\">Stable Time<\/td>\n<td colspan=\"2\">\u226410seconds<\/td>\n<td colspan=\"2\" width=\"160\"><\/td>\n<\/tr>\n<tr>\n<td colspan=\"2\">Overload Indication<\/td>\n<td colspan=\"2\">100% F.S. + 9e<\/td>\n<td colspan=\"2\" width=\"160\"><\/td>\n<\/tr>\n<tr>\n<td colspan=\"2\">Max. Safety Load<\/td>\n<td colspan=\"2\">125% F.S.<\/td>\n<td colspan=\"2\" width=\"160\"><\/td>\n<\/tr>\n<tr>\n<td colspan=\"2\">Ultimate Load<\/td>\n<td colspan=\"2\">400% F.S.<\/td>\n<td colspan=\"2\" width=\"160\"><\/td>\n<\/tr>\n<tr>\n<td colspan=\"2\">Battery Life<\/td>\n<td colspan=\"2\">\u226550 hours<\/td>\n<td colspan=\"2\" width=\"160\"><\/td>\n<\/tr>\n<tr>\n<td colspan=\"2\">Battery Type<\/td>\n<td colspan=\"2\">Fully sealed Lead-Acid battery, 6V\/4.5Ah<\/td>\n<td colspan=\"2\" width=\"160\"><\/td>\n<\/tr>\n<tr>\n<td colspan=\"2\">Adapter<\/td>\n<td colspan=\"2\">DC9V\/1000mA<\/td>\n<td colspan=\"2\" width=\"160\"><\/td>\n<\/tr>\n<tr>\n<td colspan=\"2\">Operating Humidity<\/td>\n<td colspan=\"2\">\u226485% RH under 20\u2103<\/td>\n<td colspan=\"2\" width=\"160\"><\/td>\n<\/tr>\n<tr>\n<td colspan=\"2\">Remote Controller Distance<\/td>\n<td colspan=\"2\">Min. 15m<\/td>\n<td colspan=\"2\" width=\"160\"><\/td>\n<\/tr>\n<tr>\n<td colspan=\"2\">Battery of Remote Controller<\/td>\n<td colspan=\"2\">AAA battery, 1.5V\u00d72<\/td>\n<td colspan=\"2\" width=\"160\"><\/td>\n<\/tr>\n<tr>\n<td><strong>MODEL \u00a0<\/strong><\/td>\n<td><strong>Max. capacity(kg)\u00a0<\/strong><\/td>\n<td><strong>Min. weigh(kg) \u00a0<\/strong><\/td>\n<td colspan=\"2\"><strong>Division(kg) \u00a0<\/strong><\/td>\n<td width=\"112\"><strong>Total dispay counts(n) \u00a0<\/strong><\/td>\n<\/tr>\n<tr>\n<td>OCS-10 -SL<\/td>\n<td>10000<\/td>\n<td>100<\/td>\n<td colspan=\"2\">5<\/td>\n<td width=\"112\">3000<\/td>\n<\/tr>\n<\/tbody>\n<\/table>\n<p>&nbsp;<\/p>\n","protected":false},"excerpt":{"rendered":"<p>&nbsp;<\/p>\n<p>Mjerno podru\u010dje do 10000kg, rezolucija 5kg, najmanje vaganje 100kg<\/p>\n<p>Tehni\u010dke karakteristike mo\u017eete preuzeti na sljede\u0107em linku:<\/p>\n<p><a href=\"https:\/\/mjerna-tehnika.ba\/bs\/wp-content\/uploads\/KRANSKE-VAGE-OCS-SL-serije.pdf\">KRANSKE VAGE OCS-SL serije<\/a><\/p>\n<p>&nbsp;<\/p>\n<p>&nbsp;<\/p>\n","protected":false},"featured_media":1065,"comment_status":"open","ping_status":"closed","template":"","meta":{"_uf_show_specific_survey":0,"_uf_disable_surveys":false},"product_brand":[],"product_cat":[72],"product_tag":[],"class_list":{"0":"post-1077","1":"product","2":"type-product","3":"status-publish","4":"has-post-thumbnail","6":"product_cat-kranske-vage","8":"first","9":"instock","10":"taxable","11":"shipping-taxable","12":"purchasable","13":"product-type-simple"},"aioseo_notices":[],"_links":{"self":[{"href":"https:\/\/mjerna-tehnika.ba\/bs\/index.php?rest_route=\/wp\/v2\/product\/1077","targetHints":{"allow":["GET"]}}],"collection":[{"href":"https:\/\/mjerna-tehnika.ba\/bs\/index.php?rest_route=\/wp\/v2\/product"}],"about":[{"href":"https:\/\/mjerna-tehnika.ba\/bs\/index.php?rest_route=\/wp\/v2\/types\/product"}],"replies":[{"embeddable":true,"href":"https:\/\/mjerna-tehnika.ba\/bs\/index.php?rest_route=%2Fwp%2Fv2%2Fcomments&post=1077"}],"wp:featuredmedia":[{"embeddable":true,"href":"https:\/\/mjerna-tehnika.ba\/bs\/index.php?rest_route=\/wp\/v2\/media\/1065"}],"wp:attachment":[{"href":"https:\/\/mjerna-tehnika.ba\/bs\/index.php?rest_route=%2Fwp%2Fv2%2Fmedia&parent=1077"}],"wp:term":[{"taxonomy":"product_brand","embeddable":true,"href":"https:\/\/mjerna-tehnika.ba\/bs\/index.php?rest_route=%2Fwp%2Fv2%2Fproduct_brand&post=1077"},{"taxonomy":"product_cat","embeddable":true,"href":"https:\/\/mjerna-tehnika.ba\/bs\/index.php?rest_route=%2Fwp%2Fv2%2Fproduct_cat&post=1077"},{"taxonomy":"product_tag","embeddable":true,"href":"https:\/\/mjerna-tehnika.ba\/bs\/index.php?rest_route=%2Fwp%2Fv2%2Fproduct_tag&post=1077"}],"curies":[{"name":"wp","href":"https:\/\/api.w.org\/{rel}","templated":true}]}}