{"id":1070,"date":"2017-03-14T10:11:38","date_gmt":"2017-03-14T10:11:38","guid":{"rendered":"https:\/\/mjerna-tehnika.ba\/bs\/product\/kranska-viseca-vaga-hm-1000-ocs-1-sp-do-1000kg\/"},"modified":"2019-03-02T12:51:37","modified_gmt":"2019-03-02T12:51:37","slug":"kranska-viseca-vaga-hx-1","status":"publish","type":"product","link":"https:\/\/mjerna-tehnika.ba\/bs\/?product=kranska-viseca-vaga-hx-1","title":{"rendered":"Kranska, vise\u0107a vaga HX-1, do 1000kg"},"content":{"rendered":"<p>Mogu\u0107nost odabira jedinica:<br \/>\nKg, lb, N, kg je postavljeno kao default.<\/p>\n<p>Multi-funkcija rada:<br \/>\nTare; Zero; Auto zero tracking; Total; Hold; upozorenje kod preoptere\u0107enja, rad kroz funkcije daljinskog upravlja\u010da.<\/p>\n<p>Ku\u0107i\u0161te od livenog aluminijuma i aluminijski prednji panel za maksimalnu za\u0161titu; Veliki crveni LED display sa 5 brojki (visina cifara: 30mm); Faktor sigurnosti do \u010detverostrukog kapaciteta; Naznakom prazne baterije; Automatsko isklju\u010divanje<\/p>\n<table width=\"700\">\n<tbody>\n<tr>\n<td width=\"85\"><strong>MODEL \u00a0<\/strong><\/td>\n<td><\/td>\n<td width=\"123\"><strong>Max. capacity(kg) \u00a0<\/strong><\/td>\n<td width=\"104\"><strong>Min. weigh(kg) \u00a0<\/strong><\/td>\n<td width=\"94\"><strong>Rezolucija(kg) \u00a0<\/strong><\/td>\n<td width=\"294\"><strong>Total dispay counts(n) \u00a0<\/strong><\/td>\n<\/tr>\n<tr>\n<td width=\"85\">HX-1<\/td>\n<td><\/td>\n<td width=\"123\">1000<\/td>\n<td width=\"104\">10<\/td>\n<td width=\"94\">0,5<\/td>\n<td width=\"294\">2000<\/td>\n<\/tr>\n<\/tbody>\n<\/table>\n<table style=\"height: 539px;\" width=\"766\">\n<tbody>\n<tr>\n<td width=\"212\">Standard<\/td>\n<td width=\"288\">OIML class III<\/td>\n<\/tr>\n<tr>\n<td width=\"212\">Display<\/td>\n<td width=\"288\">30mm (1.2\u2019\u2019) 5digits LCD\/LED<\/td>\n<\/tr>\n<tr>\n<td width=\"212\">Zero Range<\/td>\n<td width=\"288\">4% F.S.<\/td>\n<\/tr>\n<tr>\n<td width=\"212\">Tare Range<\/td>\n<td width=\"288\">100% F.S.<\/td>\n<\/tr>\n<tr>\n<td width=\"212\">Stable Time<\/td>\n<td width=\"288\">\u226410seconds<\/td>\n<\/tr>\n<tr>\n<td width=\"212\">Overload Indication<\/td>\n<td width=\"288\">100% F.S. + 9e<\/td>\n<\/tr>\n<tr>\n<td width=\"212\">Max. Safety Load<\/td>\n<td width=\"288\">125% F.S.<\/td>\n<\/tr>\n<tr>\n<td width=\"212\">Ultimate Load<\/td>\n<td width=\"288\">400% F.S.<\/td>\n<\/tr>\n<tr>\n<td width=\"212\">Battery Life<\/td>\n<td width=\"288\">\u2265200 hours<\/td>\n<\/tr>\n<\/tbody>\n<\/table>\n","protected":false},"excerpt":{"rendered":"<p>&nbsp;<\/p>\n<p>Mjerno podru\u010dje do 1000kg, rezolucija 500g<\/p>\n<p>Tehni\u010dke karakteristike mo\u017eete preuzeti na sljede\u0107em linku:\u00a0\u00a0<a href=\"https:\/\/mjerna-tehnika.ba\/bs\/wp-content\/uploads\/KRANSKA-VAGA-HX-serija_de.pdf\">KRANSKA VAGA HX serija_de<\/a><\/p>\n<p>&nbsp;<\/p>\n<p>&nbsp;<\/p>\n","protected":false},"featured_media":1398,"comment_status":"open","ping_status":"closed","template":"","meta":{"_uf_show_specific_survey":0,"_uf_disable_surveys":false},"product_brand":[],"product_cat":[72],"product_tag":[],"class_list":{"0":"post-1070","1":"product","2":"type-product","3":"status-publish","4":"has-post-thumbnail","6":"product_cat-kranske-vage","8":"first","9":"instock","10":"taxable","11":"shipping-taxable","12":"purchasable","13":"product-type-simple"},"aioseo_notices":[],"_links":{"self":[{"href":"https:\/\/mjerna-tehnika.ba\/bs\/index.php?rest_route=\/wp\/v2\/product\/1070","targetHints":{"allow":["GET"]}}],"collection":[{"href":"https:\/\/mjerna-tehnika.ba\/bs\/index.php?rest_route=\/wp\/v2\/product"}],"about":[{"href":"https:\/\/mjerna-tehnika.ba\/bs\/index.php?rest_route=\/wp\/v2\/types\/product"}],"replies":[{"embeddable":true,"href":"https:\/\/mjerna-tehnika.ba\/bs\/index.php?rest_route=%2Fwp%2Fv2%2Fcomments&post=1070"}],"wp:featuredmedia":[{"embeddable":true,"href":"https:\/\/mjerna-tehnika.ba\/bs\/index.php?rest_route=\/wp\/v2\/media\/1398"}],"wp:attachment":[{"href":"https:\/\/mjerna-tehnika.ba\/bs\/index.php?rest_route=%2Fwp%2Fv2%2Fmedia&parent=1070"}],"wp:term":[{"taxonomy":"product_brand","embeddable":true,"href":"https:\/\/mjerna-tehnika.ba\/bs\/index.php?rest_route=%2Fwp%2Fv2%2Fproduct_brand&post=1070"},{"taxonomy":"product_cat","embeddable":true,"href":"https:\/\/mjerna-tehnika.ba\/bs\/index.php?rest_route=%2Fwp%2Fv2%2Fproduct_cat&post=1070"},{"taxonomy":"product_tag","embeddable":true,"href":"https:\/\/mjerna-tehnika.ba\/bs\/index.php?rest_route=%2Fwp%2Fv2%2Fproduct_tag&post=1070"}],"curies":[{"name":"wp","href":"https:\/\/api.w.org\/{rel}","templated":true}]}}