{"id":1062,"date":"2017-03-14T09:54:58","date_gmt":"2017-03-14T09:54:58","guid":{"rendered":"https:\/\/mjerna-tehnika.ba\/bs\/product\/kranska-viseca-vaga-hp-300\/"},"modified":"2017-03-14T10:10:05","modified_gmt":"2017-03-14T10:10:05","slug":"kranska-viseca-vaga-hp-300","status":"publish","type":"product","link":"https:\/\/mjerna-tehnika.ba\/bs\/?product=kranska-viseca-vaga-hp-300","title":{"rendered":"Kranska, vise\u0107a vaga HP-300, do 300kg"},"content":{"rendered":"<ul>\n<li><span id=\"result_box\" class=\"\" lang=\"bs\"><span class=\"\">38mm<\/span> LED ekran<\/span><\/li>\n<li><span id=\"result_box\" class=\"\" lang=\"bs\"><span class=\"\">Bruto<\/span> \/ Neto te\u017eina prikaz<\/span><\/li>\n<li><span id=\"result_box\" class=\"\" lang=\"bs\">Multi-funkcije: Tare; Zero; Hold; upozorenje kod preoptere\u0107enja<\/span><\/li>\n<li><span id=\"result_box\" class=\"\" lang=\"bs\">Funkcija akumulirane te\u017eine<\/span><\/li>\n<li><span id=\"result_box\" class=\"\" lang=\"bs\">Automatsko isklju\u010divanje<\/span><\/li>\n<li><span id=\"result_box\" class=\"\" lang=\"bs\">Kalibracija daljinskim upravlja\u010dem<\/span><\/li>\n<li><span id=\"result_box\" class=\"\" lang=\"bs\">Infracrveni daljinski do 10m<\/span><\/li>\n<li><span id=\"result_box\" class=\"\" lang=\"bs\">Kg \/ lb jedinice<\/span><\/li>\n<li><span id=\"result_box\" class=\"\" lang=\"bs\">Ku\u0107i\u0161te od livenog aluminijuma<\/span><\/li>\n<li><span id=\"result_box\" class=\"\" lang=\"bs\">Karabiner i kuka od nehr\u0111aju\u010deg \u010delika<\/span><\/li>\n<li><span id=\"result_box\" class=\"\" lang=\"bs\">Punjiva\u00a0 baterija 6V \/ 5Ah<\/span><\/li>\n<li><span id=\"result_box\" class=\"\" lang=\"bs\">Anti-magnetik i vodootporna<\/span><\/li>\n<li><span id=\"result_box\" class=\"\" lang=\"bs\">Standard: OIML III standard.<\/span><\/li>\n<li><span id=\"result_box\" class=\"\" lang=\"bs\">Neprekidan rad: 100 sati (LCD); 60 sati (LED)<\/span><\/li>\n<li><span id=\"result_box\" class=\"\" lang=\"bs\">Sigurno preoptere\u0107enje: 120% F.S.<\/span><\/li>\n<li><span id=\"result_box\" class=\"\" lang=\"bs\">Radna temperatura: &#8211; 10 \u2103 ~ + 40 \u2103<\/span><\/li>\n<li><span id=\"result_box\" class=\"\" lang=\"bs\">Radna vla\u017enost: &lt;= 90% R.H.<\/span><\/li>\n<\/ul>\n<table>\n<tbody>\n<tr>\n<td><strong>Model<\/strong><\/td>\n<td><strong>Kapacitet<\/strong><\/td>\n<td><strong>Rezolucija<\/strong><\/td>\n<td><strong>Te\u017eina(kg)<\/strong><\/td>\n<td><strong>L(mm)<\/strong><\/td>\n<td><strong>A(mm)<\/strong><\/td>\n<td><strong>B(mm)<\/strong><\/td>\n<td><strong>C(mm)<\/strong><\/td>\n<\/tr>\n<tr>\n<td>OCS-M<\/td>\n<td>0.3t<\/td>\n<td>0.1kg<\/td>\n<td>4<\/td>\n<td>335<\/td>\n<td>20<\/td>\n<td>80<\/td>\n<td>20<\/td>\n<\/tr>\n<tr>\n<td>OCS-M<\/td>\n<td>0.5t<\/td>\n<td>0.2kg<\/td>\n<td>4.5<\/td>\n<td>370<\/td>\n<td>20<\/td>\n<td>85<\/td>\n<td>30<\/td>\n<\/tr>\n<\/tbody>\n<\/table>\n<p>&nbsp;<\/p>\n","protected":false},"excerpt":{"rendered":"<p>&nbsp;<\/p>\n<p>Mjerno podru\u010dje do 300kg, rezolucija 100g<\/p>\n<p>Tehni\u010dke karakteristike mo\u017eete preuzeti na sljede\u0107em linku:<\/p>\n<p><a href=\"https:\/\/mjerna-tehnika.ba\/bs\/wp-content\/uploads\/KRANSKE-VAGE-HPserije.pdf\">KRANSKE VAGE HPserije<\/a><\/p>\n<p>&nbsp;<\/p>\n<p>&nbsp;<\/p>\n","protected":false},"featured_media":1063,"comment_status":"open","ping_status":"closed","template":"","meta":{"_uf_show_specific_survey":0,"_uf_disable_surveys":false},"product_brand":[],"product_cat":[72],"product_tag":[],"class_list":{"0":"post-1062","1":"product","2":"type-product","3":"status-publish","4":"has-post-thumbnail","6":"product_cat-kranske-vage","8":"first","9":"instock","10":"taxable","11":"shipping-taxable","12":"purchasable","13":"product-type-simple"},"aioseo_notices":[],"_links":{"self":[{"href":"https:\/\/mjerna-tehnika.ba\/bs\/index.php?rest_route=\/wp\/v2\/product\/1062","targetHints":{"allow":["GET"]}}],"collection":[{"href":"https:\/\/mjerna-tehnika.ba\/bs\/index.php?rest_route=\/wp\/v2\/product"}],"about":[{"href":"https:\/\/mjerna-tehnika.ba\/bs\/index.php?rest_route=\/wp\/v2\/types\/product"}],"replies":[{"embeddable":true,"href":"https:\/\/mjerna-tehnika.ba\/bs\/index.php?rest_route=%2Fwp%2Fv2%2Fcomments&post=1062"}],"wp:featuredmedia":[{"embeddable":true,"href":"https:\/\/mjerna-tehnika.ba\/bs\/index.php?rest_route=\/wp\/v2\/media\/1063"}],"wp:attachment":[{"href":"https:\/\/mjerna-tehnika.ba\/bs\/index.php?rest_route=%2Fwp%2Fv2%2Fmedia&parent=1062"}],"wp:term":[{"taxonomy":"product_brand","embeddable":true,"href":"https:\/\/mjerna-tehnika.ba\/bs\/index.php?rest_route=%2Fwp%2Fv2%2Fproduct_brand&post=1062"},{"taxonomy":"product_cat","embeddable":true,"href":"https:\/\/mjerna-tehnika.ba\/bs\/index.php?rest_route=%2Fwp%2Fv2%2Fproduct_cat&post=1062"},{"taxonomy":"product_tag","embeddable":true,"href":"https:\/\/mjerna-tehnika.ba\/bs\/index.php?rest_route=%2Fwp%2Fv2%2Fproduct_tag&post=1062"}],"curies":[{"name":"wp","href":"https:\/\/api.w.org\/{rel}","templated":true}]}}