{"id":1057,"date":"2017-03-14T09:46:11","date_gmt":"2017-03-14T09:46:11","guid":{"rendered":"https:\/\/mjerna-tehnika.ba\/bs\/product\/kranska-viseca-vaga-hb-100150\/"},"modified":"2017-03-14T10:10:40","modified_gmt":"2017-03-14T10:10:40","slug":"kranska-viseca-vaga-hb-100150","status":"publish","type":"product","link":"https:\/\/mjerna-tehnika.ba\/bs\/?product=kranska-viseca-vaga-hb-100150","title":{"rendered":"Kranska, vise\u0107a vaga HB-100\/150, do 150kg"},"content":{"rendered":"<ul>\n<li>20mm LCD display<\/li>\n<li>Multifunkcionalna: Tare; Zero; Hold; upozorenje kod preoptere\u0107enja<\/li>\n<li>Auto shut off<\/li>\n<li>Kg\/lb\/N jedinice<\/li>\n<li>Ku\u0107i\u0161te od livenog aluminijma<\/li>\n<li>Karabiner i kuka od nehr\u0111aju\u0107eg \u010delika<\/li>\n<li>Baterije: 3x AA<\/li>\n<li>Standard OIML III<\/li>\n<li>Kontinuirani rad: 100 sati(LCD)<\/li>\n<li>Sigurnosno preoptere\u0107enje: 120%F.S.<\/li>\n<li>Temperatura okoline: &#8211; 10\u2103 ~ + 40\u2103<\/li>\n<li>Vlaga okoline: &lt;= 90%R.H.<\/li>\n<\/ul>\n<p>&nbsp;<\/p>\n<table>\n<tbody>\n<tr>\n<td width=\"57\">Model<\/td>\n<td width=\"69\">Kapacitet<\/td>\n<td width=\"92\">Rezolucija<\/td>\n<td width=\"82\">N.W. (kg)<\/td>\n<\/tr>\n<tr>\n<td width=\"57\">HB<\/td>\n<td width=\"69\">100\/150kg<\/td>\n<td width=\"92\">50g<\/td>\n<td width=\"82\">0.62<\/td>\n<\/tr>\n<\/tbody>\n<\/table>\n","protected":false},"excerpt":{"rendered":"<p>&nbsp;<\/p>\n<p>Mjerno podru\u010dje do 150kg, rezolucija 50g<\/p>\n<p>Tehni\u010dke karakteristike mo\u017eete preuzeti na sljede\u0107em linku:<\/p>\n<p><a href=\"https:\/\/mjerna-tehnika.ba\/bs\/wp-content\/uploads\/KRANSKE-VAGE-HB-serije.pdf\">KRANSKE VAGE HB serije<\/a><\/p>\n<p>&nbsp;<\/p>\n<p>&nbsp;<\/p>\n","protected":false},"featured_media":1060,"comment_status":"open","ping_status":"closed","template":"","meta":{"_uf_show_specific_survey":0,"_uf_disable_surveys":false},"product_brand":[],"product_cat":[72],"product_tag":[],"class_list":{"0":"post-1057","1":"product","2":"type-product","3":"status-publish","4":"has-post-thumbnail","6":"product_cat-kranske-vage","8":"first","9":"instock","10":"taxable","11":"shipping-taxable","12":"purchasable","13":"product-type-simple"},"aioseo_notices":[],"_links":{"self":[{"href":"https:\/\/mjerna-tehnika.ba\/bs\/index.php?rest_route=\/wp\/v2\/product\/1057","targetHints":{"allow":["GET"]}}],"collection":[{"href":"https:\/\/mjerna-tehnika.ba\/bs\/index.php?rest_route=\/wp\/v2\/product"}],"about":[{"href":"https:\/\/mjerna-tehnika.ba\/bs\/index.php?rest_route=\/wp\/v2\/types\/product"}],"replies":[{"embeddable":true,"href":"https:\/\/mjerna-tehnika.ba\/bs\/index.php?rest_route=%2Fwp%2Fv2%2Fcomments&post=1057"}],"wp:featuredmedia":[{"embeddable":true,"href":"https:\/\/mjerna-tehnika.ba\/bs\/index.php?rest_route=\/wp\/v2\/media\/1060"}],"wp:attachment":[{"href":"https:\/\/mjerna-tehnika.ba\/bs\/index.php?rest_route=%2Fwp%2Fv2%2Fmedia&parent=1057"}],"wp:term":[{"taxonomy":"product_brand","embeddable":true,"href":"https:\/\/mjerna-tehnika.ba\/bs\/index.php?rest_route=%2Fwp%2Fv2%2Fproduct_brand&post=1057"},{"taxonomy":"product_cat","embeddable":true,"href":"https:\/\/mjerna-tehnika.ba\/bs\/index.php?rest_route=%2Fwp%2Fv2%2Fproduct_cat&post=1057"},{"taxonomy":"product_tag","embeddable":true,"href":"https:\/\/mjerna-tehnika.ba\/bs\/index.php?rest_route=%2Fwp%2Fv2%2Fproduct_tag&post=1057"}],"curies":[{"name":"wp","href":"https:\/\/api.w.org\/{rel}","templated":true}]}}