{"id":1040,"date":"2017-02-04T17:41:54","date_gmt":"2017-02-04T17:41:54","guid":{"rendered":"https:\/\/mjerna-tehnika.ba\/bs\/product\/refraktometar-za-med-rha420\/"},"modified":"2017-02-04T18:19:33","modified_gmt":"2017-02-04T18:19:33","slug":"refraktometar-za-med-rha420","status":"publish","type":"product","link":"https:\/\/mjerna-tehnika.ba\/bs\/?product=refraktometar-za-med-rha420","title":{"rendered":"Refraktometar za rashladnu teku\u0107inu RHA420"},"content":{"rendered":"<p style=\"text-align: justify;\"><span style=\"color: #000000;\"><span lang=\"DE\"><b>RHA420<\/b>\u00a0refraktometar za rashladnu teku\u0107inu sa tri skale: antifriz, aumulatorska teku\u0107ina, rashladna teku\u0107ina<\/span><\/span><\/p>\n","protected":false},"excerpt":{"rendered":"<p style=\"text-align: justify;\">\u00a0<span style=\"color: #000000;\"><span lang=\"DE\"><span id=\"result_box\" class=\"\" lang=\"bs\"><span class=\"\">Refraktometar<\/span> sa automatskom kompenzacijom temperature za rashladnu teku\u0107inu<br \/>\n<\/span><\/span><\/span><\/p>\n<p>&nbsp;<\/p>\n","protected":false},"featured_media":1027,"comment_status":"open","ping_status":"closed","template":"","meta":{"_uf_show_specific_survey":0,"_uf_disable_surveys":false},"product_brand":[],"product_cat":[36],"product_tag":[],"class_list":{"0":"post-1040","1":"product","2":"type-product","3":"status-publish","4":"has-post-thumbnail","6":"product_cat-refraktometri","8":"first","9":"instock","10":"taxable","11":"shipping-taxable","12":"purchasable","13":"product-type-simple"},"aioseo_notices":[],"_links":{"self":[{"href":"https:\/\/mjerna-tehnika.ba\/bs\/index.php?rest_route=\/wp\/v2\/product\/1040","targetHints":{"allow":["GET"]}}],"collection":[{"href":"https:\/\/mjerna-tehnika.ba\/bs\/index.php?rest_route=\/wp\/v2\/product"}],"about":[{"href":"https:\/\/mjerna-tehnika.ba\/bs\/index.php?rest_route=\/wp\/v2\/types\/product"}],"replies":[{"embeddable":true,"href":"https:\/\/mjerna-tehnika.ba\/bs\/index.php?rest_route=%2Fwp%2Fv2%2Fcomments&post=1040"}],"wp:featuredmedia":[{"embeddable":true,"href":"https:\/\/mjerna-tehnika.ba\/bs\/index.php?rest_route=\/wp\/v2\/media\/1027"}],"wp:attachment":[{"href":"https:\/\/mjerna-tehnika.ba\/bs\/index.php?rest_route=%2Fwp%2Fv2%2Fmedia&parent=1040"}],"wp:term":[{"taxonomy":"product_brand","embeddable":true,"href":"https:\/\/mjerna-tehnika.ba\/bs\/index.php?rest_route=%2Fwp%2Fv2%2Fproduct_brand&post=1040"},{"taxonomy":"product_cat","embeddable":true,"href":"https:\/\/mjerna-tehnika.ba\/bs\/index.php?rest_route=%2Fwp%2Fv2%2Fproduct_cat&post=1040"},{"taxonomy":"product_tag","embeddable":true,"href":"https:\/\/mjerna-tehnika.ba\/bs\/index.php?rest_route=%2Fwp%2Fv2%2Fproduct_tag&post=1040"}],"curies":[{"name":"wp","href":"https:\/\/api.w.org\/{rel}","templated":true}]}}