{"id":1025,"date":"2017-02-04T17:18:40","date_gmt":"2017-02-04T17:18:40","guid":{"rendered":"https:\/\/mjerna-tehnika.ba\/bs\/product\/refraktometar-rhb10\/"},"modified":"2021-06-09T05:44:49","modified_gmt":"2021-06-09T05:44:49","slug":"refraktometar-rhb10","status":"publish","type":"product","link":"https:\/\/mjerna-tehnika.ba\/bs\/?product=refraktometar-rhb10","title":{"rendered":"Refraktometar RHB10"},"content":{"rendered":"<p style=\"text-align: justify;\"><span style=\"color: #000000;\"><span lang=\"DE\"><b>RHB10<\/b> refraktometar razvijen je za upotrebu pri za\u0161e\u0107erenim teku\u0107inama (vo\u0107ni sokovi, med, mala kol. alkohola, vina), poma\u017ee u kontroli i nadzoru koncentracije \u0161e\u0107era u hrani i pi\u0107ima. Bez obzira da li korisnik provjerava slatko\u0107u vo\u0107a na polju, ocjenjuje kakvo\u0107u proizvoda nakon berbe, ili kontroli\u0161e koncentraciju za<\/span><\/span><span style=\"color: #000000;\"><span lang=\"DE\"> vrijeme obrade i pakovanja, refraktometar mu daje va\u017ene informacije o kvaliteti njegova proizvoda. Tako\u0111e se uobi\u010dajeno koristi pri kontroli razli\u010ditih teku\u0107ina u industriji (otpadne vode i sl.). Koji model odabrati ovisi o koncentraciji u teku\u0107ini i parametrima refraktometra. <\/span> <\/span><\/p>\n","protected":false},"excerpt":{"rendered":"<p style=\"text-align: justify;\">\u00a0<span style=\"color: #000000;\"><span lang=\"DE\"><span id=\"result_box\" class=\"\" lang=\"bs\"><span class=\"\">Refraktometar<\/span> sa automatskom kompenzacijom temperature, za normalne prozirne sokove, emulzije, kuhano vino<br \/>\n<\/span><\/span><\/span><\/p>\n<p>&#8211; Opseg: 0 &#8230; 10% Brix<br \/>\n&#8211; Rezolucija: 0,1%<br \/>\n&#8211; Ta\u010dnost: \u00b1 0,1%<\/p>\n","protected":false},"featured_media":1027,"comment_status":"open","ping_status":"closed","template":"","meta":{"_uf_show_specific_survey":0,"_uf_disable_surveys":false},"product_brand":[],"product_cat":[36],"product_tag":[],"class_list":{"0":"post-1025","1":"product","2":"type-product","3":"status-publish","4":"has-post-thumbnail","6":"product_cat-refraktometri","8":"first","9":"instock","10":"taxable","11":"shipping-taxable","12":"purchasable","13":"product-type-simple"},"aioseo_notices":[],"_links":{"self":[{"href":"https:\/\/mjerna-tehnika.ba\/bs\/index.php?rest_route=\/wp\/v2\/product\/1025","targetHints":{"allow":["GET"]}}],"collection":[{"href":"https:\/\/mjerna-tehnika.ba\/bs\/index.php?rest_route=\/wp\/v2\/product"}],"about":[{"href":"https:\/\/mjerna-tehnika.ba\/bs\/index.php?rest_route=\/wp\/v2\/types\/product"}],"replies":[{"embeddable":true,"href":"https:\/\/mjerna-tehnika.ba\/bs\/index.php?rest_route=%2Fwp%2Fv2%2Fcomments&post=1025"}],"wp:featuredmedia":[{"embeddable":true,"href":"https:\/\/mjerna-tehnika.ba\/bs\/index.php?rest_route=\/wp\/v2\/media\/1027"}],"wp:attachment":[{"href":"https:\/\/mjerna-tehnika.ba\/bs\/index.php?rest_route=%2Fwp%2Fv2%2Fmedia&parent=1025"}],"wp:term":[{"taxonomy":"product_brand","embeddable":true,"href":"https:\/\/mjerna-tehnika.ba\/bs\/index.php?rest_route=%2Fwp%2Fv2%2Fproduct_brand&post=1025"},{"taxonomy":"product_cat","embeddable":true,"href":"https:\/\/mjerna-tehnika.ba\/bs\/index.php?rest_route=%2Fwp%2Fv2%2Fproduct_cat&post=1025"},{"taxonomy":"product_tag","embeddable":true,"href":"https:\/\/mjerna-tehnika.ba\/bs\/index.php?rest_route=%2Fwp%2Fv2%2Fproduct_tag&post=1025"}],"curies":[{"name":"wp","href":"https:\/\/api.w.org\/{rel}","templated":true}]}}