{"id":78,"date":"2011-07-28T20:56:08","date_gmt":"2011-07-28T20:56:08","guid":{"rendered":"https:\/\/mjerna-tehnika.ba\/bs\/?page_id=78"},"modified":"2026-01-22T11:38:48","modified_gmt":"2026-01-22T11:38:48","slug":"kontakt","status":"publish","type":"page","link":"https:\/\/mjerna-tehnika.ba\/bs\/?page_id=78","title":{"rendered":"Kontakt"},"content":{"rendered":"<p>&nbsp;<\/p>\n<p><strong>AMT-METRIKS d.o.o.<br \/>\nH.Hajdi\u0107a bb<br \/>\n74260 Te\u0161anj<br \/>\nBosnia \u00a0Hercegovina<br \/>\n<\/strong><\/p>\n<p><strong>Tel\/Fax:<\/strong> +387 32 650 745<\/p>\n<p><strong>e-mail:<\/strong> info@amt-metriks.ba<\/p>\n<p><a href=\"http:\/\/www.amt-metriks.ba\/cms\/index.php?o-nama\">www.amt-metriks.ba<\/a><\/p>\n<p><strong>PDV broj:<\/strong> 218119710006<\/p>\n<p><strong>ID broj:<\/strong> 4218119710006<\/p>\n<p><strong>Ra\u010duni:<\/strong><br \/>\nRaiffeisen Bank, Filijala Te\u0161anj: 1610400006890095<\/p>\n<p>Sparkasse Bank, Filijala Te\u0161anj: 1990460003291889<\/p>\n","protected":false},"excerpt":{"rendered":"<p>&nbsp; AMT-METRIKS d.o.o. H.Hajdi\u0107a bb 74260 Te\u0161anj Bosnia \u00a0Hercegovina Tel\/Fax: +387 32 650 745 e-mail: info@amt-metriks.ba www.amt-metriks.ba PDV broj: 218119710006 ID broj: 4218119710006 Ra\u010duni: Raiffeisen Bank, Filijala Te\u0161anj: 1610400006890095 Sparkasse Bank, Filijala Te\u0161anj: 1990460003291889<\/p>\n","protected":false},"author":2,"featured_media":0,"parent":0,"menu_order":7,"comment_status":"open","ping_status":"closed","template":"","meta":{"_uf_show_specific_survey":0,"_uf_disable_surveys":false,"footnotes":""},"class_list":["post-78","page","type-page","status-publish","hentry"],"aioseo_notices":[],"_links":{"self":[{"href":"https:\/\/mjerna-tehnika.ba\/bs\/index.php?rest_route=\/wp\/v2\/pages\/78","targetHints":{"allow":["GET"]}}],"collection":[{"href":"https:\/\/mjerna-tehnika.ba\/bs\/index.php?rest_route=\/wp\/v2\/pages"}],"about":[{"href":"https:\/\/mjerna-tehnika.ba\/bs\/index.php?rest_route=\/wp\/v2\/types\/page"}],"author":[{"embeddable":true,"href":"https:\/\/mjerna-tehnika.ba\/bs\/index.php?rest_route=\/wp\/v2\/users\/2"}],"replies":[{"embeddable":true,"href":"https:\/\/mjerna-tehnika.ba\/bs\/index.php?rest_route=%2Fwp%2Fv2%2Fcomments&post=78"}],"version-history":[{"count":11,"href":"https:\/\/mjerna-tehnika.ba\/bs\/index.php?rest_route=\/wp\/v2\/pages\/78\/revisions"}],"predecessor-version":[{"id":631,"href":"https:\/\/mjerna-tehnika.ba\/bs\/index.php?rest_route=\/wp\/v2\/pages\/78\/revisions\/631"}],"wp:attachment":[{"href":"https:\/\/mjerna-tehnika.ba\/bs\/index.php?rest_route=%2Fwp%2Fv2%2Fmedia&parent=78"}],"curies":[{"name":"wp","href":"https:\/\/api.w.org\/{rel}","templated":true}]}}