{"id":66,"date":"2011-07-28T20:23:58","date_gmt":"2011-07-28T20:23:58","guid":{"rendered":"https:\/\/mjerna-tehnika.ba\/bs\/?page_id=66"},"modified":"2013-03-28T12:33:37","modified_gmt":"2013-03-28T12:33:37","slug":"akcija","status":"publish","type":"page","link":"https:\/\/mjerna-tehnika.ba\/bs\/?page_id=66","title":{"rendered":"Ziplock"},"content":{"rendered":"<h1>Vre\u0107ice sa Ziplock (zip-zap) zatvara\u010dem<\/h1>\n<p>&nbsp;<\/p>\n<p><a rel=\"attachment wp-att-604\" href=\"https:\/\/mjerna-tehnika.ba\/bs\/?attachment_id=604\"><img loading=\"lazy\" decoding=\"async\" class=\"alignleft size-full wp-image-604\" title=\"VRE\u0106ICA ZIPLOCK 2\" src=\"https:\/\/mjerna-tehnika.ba\/bs\/wp-content\/uploads\/2011\/07\/VRE\u0106ICA-ZIPLOCK-22.png\" alt=\"ZIPLOCK, ZIP-ZAP VRE\u0106ICE\" width=\"200\" height=\"160\" \/><\/a>Ziplock ili zip-zap vre\u0107ice su rje\u0161enje mnogih problema kada je u pitanju pakovanje. \u010cvrsta prozirna folija,\u00a0 debljine 50 ili 90 mikrona, s prakti\u010dnim ziplock (zip-zap) zatvara\u010dem je pametno rje\u0161enje za brojne aplikacije.<br \/>\nVre\u0107ice \/ kesice sa ziplock (zip-zap) zatvara\u010dem dostupne su u razli\u010ditim veli\u010dinama\u00a0 , kao i sa bijelom trakom za pisanje. Ako niste sigurni vezano za veli\u010dinu, kontaktirajte nas i mi \u0107emo Vam poslati uzorke.<\/p>\n<p>&nbsp;<\/p>\n<div><strong> <\/strong>&nbsp;<\/p>\n<div>\n<div>\n<div><a rel=\"lightbox\" href=\"http:\/\/www.amt-metriks.ba\/cms\/content\/images\/a621b68335517a663ce329d37106aefb.jpg\" target=\"_blank\"><\/a><\/div>\n<\/div>\n<div>\n<p>Pakovanje je po 100kom u vre\u0107ici, 1.000 komada u kutiji.\u00a0 Narud\u017eba po jednoj poziciji minimalno 1000 komada, osim kod dimenzije 350&#215;450 (100 kom).<\/p>\n<p><strong>50 my, bez \u0161tampe, sa PE-logom<\/strong><\/p>\n<table border=\"1\" cellspacing=\"0\" cellpadding=\"0\">\n<tbody>\n<tr>\n<td width=\"111\">\n<p style=\"text-align: center;\"><strong>\u0160ifra<\/strong><\/p>\n<\/td>\n<td width=\"312\">\n<p style=\"text-align: center;\"><strong>Veli\u010dina (mm)<br \/>\n<\/strong><\/p>\n<\/td>\n<\/tr>\n<tr>\n<td style=\"text-align: center;\" width=\"111\" valign=\"top\">AMT920201.10<\/td>\n<td width=\"312\" valign=\"top\">\n<p style=\"text-align: center;\">40&#215;60<\/p>\n<\/td>\n<\/tr>\n<tr>\n<td style=\"text-align: center;\" width=\"111\" valign=\"top\">AMT920202.10<\/td>\n<td width=\"312\" valign=\"top\">\n<p style=\"text-align: center;\">60&#215;80<\/p>\n<\/td>\n<\/tr>\n<tr>\n<td style=\"text-align: center;\" width=\"111\" valign=\"top\">AMT920203.10<\/td>\n<td width=\"312\" valign=\"top\">\n<p style=\"text-align: center;\">60&#215;130<\/p>\n<\/td>\n<\/tr>\n<tr>\n<td style=\"text-align: center;\" width=\"111\" valign=\"top\">AMT920204.10<\/td>\n<td width=\"312\" valign=\"top\">\n<p style=\"text-align: center;\">70&#215;100<\/p>\n<\/td>\n<\/tr>\n<tr>\n<td style=\"text-align: center;\" width=\"111\" valign=\"top\">AMT920205.10<\/td>\n<td width=\"312\" valign=\"top\">\n<p style=\"text-align: center;\">80&#215;120<\/p>\n<\/td>\n<\/tr>\n<tr>\n<td style=\"text-align: center;\" width=\"111\" valign=\"top\">AMT920206.10<\/td>\n<td width=\"312\" valign=\"top\">\n<p style=\"text-align: center;\">100&#215;150<\/p>\n<\/td>\n<\/tr>\n<tr>\n<td style=\"text-align: center;\" width=\"111\" valign=\"top\">AMT920207.10<\/td>\n<td width=\"312\" valign=\"top\">\n<p style=\"text-align: center;\">120&#215;170<\/p>\n<\/td>\n<\/tr>\n<tr>\n<td style=\"text-align: center;\" width=\"111\" valign=\"top\">AMT920207.15<\/td>\n<td width=\"312\" valign=\"top\">\n<p style=\"text-align: center;\">150&#215;200<\/p>\n<\/td>\n<\/tr>\n<tr>\n<td style=\"text-align: center;\" width=\"111\" valign=\"top\">AMT920208.10<\/td>\n<td width=\"312\" valign=\"top\">\n<p style=\"text-align: center;\">150&#215;220<\/p>\n<\/td>\n<\/tr>\n<tr>\n<td style=\"text-align: center;\" width=\"111\" valign=\"top\">AMT920208.15<\/td>\n<td width=\"312\" valign=\"top\">\n<p style=\"text-align: center;\">150&#215;250<\/p>\n<\/td>\n<\/tr>\n<tr>\n<td style=\"text-align: center;\" width=\"111\" valign=\"top\">AMT920209.10<\/td>\n<td width=\"312\" valign=\"top\">\n<p style=\"text-align: center;\">160&#215;220<\/p>\n<\/td>\n<\/tr>\n<tr>\n<td style=\"text-align: center;\" width=\"111\" valign=\"top\">AMT920209.12<\/td>\n<td width=\"312\" valign=\"top\">\n<p style=\"text-align: center;\">170&#215;230<\/p>\n<\/td>\n<\/tr>\n<tr>\n<td style=\"text-align: center;\" width=\"111\" valign=\"top\">AMT920210.10<\/td>\n<td width=\"312\" valign=\"top\">\n<p style=\"text-align: center;\">180&#215;250<\/p>\n<\/td>\n<\/tr>\n<tr>\n<td style=\"text-align: center;\" width=\"111\" valign=\"top\">AMT920211.10<\/td>\n<td width=\"312\" valign=\"top\">\n<p style=\"text-align: center;\">200&#215;300<\/p>\n<\/td>\n<\/tr>\n<tr>\n<td style=\"text-align: center;\" width=\"111\" valign=\"top\">AMT920212.10<\/td>\n<td width=\"312\" valign=\"top\">\n<p style=\"text-align: center;\">220&#215;310<\/p>\n<\/td>\n<\/tr>\n<tr>\n<td style=\"text-align: center;\" width=\"111\" valign=\"top\">AMT920212.15<\/td>\n<td width=\"312\" valign=\"top\">\n<p style=\"text-align: center;\">230&#215;320<\/p>\n<\/td>\n<\/tr>\n<tr>\n<td style=\"text-align: center;\" width=\"111\" valign=\"top\">AMT920213.10<\/td>\n<td width=\"312\" valign=\"top\">\n<p style=\"text-align: center;\">250&#215;350<\/p>\n<\/td>\n<\/tr>\n<tr>\n<td style=\"text-align: center;\" width=\"111\" valign=\"top\">AMT920214.10<\/td>\n<td width=\"312\" valign=\"top\">\n<p style=\"text-align: center;\">280&#215;400<\/p>\n<\/td>\n<\/tr>\n<tr>\n<td style=\"text-align: center;\" width=\"111\" valign=\"top\">AMT920215.10<\/td>\n<td width=\"312\" valign=\"top\">\n<p style=\"text-align: center;\">300&#215;400<\/p>\n<\/td>\n<\/tr>\n<tr>\n<td style=\"text-align: center;\" width=\"111\" valign=\"top\">AMT920216.10<\/td>\n<td width=\"312\" valign=\"top\">\n<p style=\"text-align: center;\">350&#215;450<\/p>\n<\/td>\n<\/tr>\n<\/tbody>\n<\/table>\n<p><strong>90 my, bez \u0161tampe, sa PE-logom<\/strong><\/p>\n<table border=\"1\" cellspacing=\"0\" cellpadding=\"0\">\n<tbody>\n<tr>\n<td style=\"text-align: center;\" width=\"111\" valign=\"top\">AMT920301.10<\/td>\n<td width=\"312\" valign=\"top\">\n<p style=\"text-align: center;\">100&#215;150<\/p>\n<\/td>\n<\/tr>\n<tr>\n<td style=\"text-align: center;\" width=\"111\" valign=\"top\">AMT920301.10<\/td>\n<td width=\"312\" valign=\"top\">\n<p style=\"text-align: center;\">100&#215;200<\/p>\n<\/td>\n<\/tr>\n<tr>\n<td style=\"text-align: center;\" width=\"111\" valign=\"top\">AMT920301.10<\/td>\n<td width=\"312\" valign=\"top\">\n<p style=\"text-align: center;\">120&#215;170<\/p>\n<\/td>\n<\/tr>\n<tr>\n<td style=\"text-align: center;\" width=\"111\" valign=\"top\">AMT920301.10<\/td>\n<td width=\"312\" valign=\"top\">\n<p style=\"text-align: center;\">150&#215;250<\/p>\n<\/td>\n<\/tr>\n<\/tbody>\n<\/table>\n<p><strong>Za detaljnije informacije kontaktirajte nas na telefon +387 32 650 745 <\/strong><\/p>\n<p>&nbsp;<\/p>\n<p><strong><br \/>\n<\/strong><\/p>\n<\/div>\n<\/div>\n<\/div>\n","protected":false},"excerpt":{"rendered":"<p>Vre\u0107ice sa Ziplock (zip-zap) zatvara\u010dem &nbsp; Ziplock ili zip-zap vre\u0107ice su rje\u0161enje mnogih problema kada je u pitanju pakovanje. \u010cvrsta prozirna folija,\u00a0 debljine 50 ili 90 mikrona, s prakti\u010dnim ziplock (zip-zap) zatvara\u010dem je pametno rje\u0161enje za brojne aplikacije. Vre\u0107ice \/ kesice sa ziplock (zip-zap) zatvara\u010dem dostupne su u razli\u010ditim veli\u010dinama\u00a0 , kao i sa bijelom [&hellip;]<\/p>\n","protected":false},"author":2,"featured_media":0,"parent":0,"menu_order":3,"comment_status":"open","ping_status":"closed","template":"","meta":{"_uf_show_specific_survey":0,"_uf_disable_surveys":false,"footnotes":""},"class_list":["post-66","page","type-page","status-publish","hentry"],"aioseo_notices":[],"_links":{"self":[{"href":"https:\/\/mjerna-tehnika.ba\/bs\/index.php?rest_route=\/wp\/v2\/pages\/66","targetHints":{"allow":["GET"]}}],"collection":[{"href":"https:\/\/mjerna-tehnika.ba\/bs\/index.php?rest_route=\/wp\/v2\/pages"}],"about":[{"href":"https:\/\/mjerna-tehnika.ba\/bs\/index.php?rest_route=\/wp\/v2\/types\/page"}],"author":[{"embeddable":true,"href":"https:\/\/mjerna-tehnika.ba\/bs\/index.php?rest_route=\/wp\/v2\/users\/2"}],"replies":[{"embeddable":true,"href":"https:\/\/mjerna-tehnika.ba\/bs\/index.php?rest_route=%2Fwp%2Fv2%2Fcomments&post=66"}],"version-history":[{"count":25,"href":"https:\/\/mjerna-tehnika.ba\/bs\/index.php?rest_route=\/wp\/v2\/pages\/66\/revisions"}],"predecessor-version":[{"id":610,"href":"https:\/\/mjerna-tehnika.ba\/bs\/index.php?rest_route=\/wp\/v2\/pages\/66\/revisions\/610"}],"wp:attachment":[{"href":"https:\/\/mjerna-tehnika.ba\/bs\/index.php?rest_route=%2Fwp%2Fv2%2Fmedia&parent=66"}],"curies":[{"name":"wp","href":"https:\/\/api.w.org\/{rel}","templated":true}]}}