{"id":59,"date":"2011-07-28T20:02:34","date_gmt":"2011-07-28T20:02:34","guid":{"rendered":"https:\/\/mjerna-tehnika.ba\/bs\/?page_id=59"},"modified":"2013-07-27T11:42:08","modified_gmt":"2013-07-27T11:42:08","slug":"o-nama","status":"publish","type":"page","link":"https:\/\/mjerna-tehnika.ba\/bs\/?page_id=59","title":{"rendered":"O nama"},"content":{"rendered":"<p>&nbsp;<\/p>\n<p>&nbsp;<\/p>\n<p>Dobro do\u0161li na na\u0161u novu stranicu.\u00a0 AMT-METRIKS d.o.o. je trgovinsko   preduze\u0107e i prvenstveno je opredijeljeno za trgovinu na veliko.  Osnovano  je 2001. godine i bavi se prometom meteorolo\u0161ke, seizmolo\u0161ke,   hidrolo\u0161ke opreme, mjerne tehnike, &#8230;<\/p>\n<p>S obzirom da su rast i razvoj preduze\u0107a neumitni procesi za  odr\u017eavanje i  unapre\u0111ivanje tr\u017ei\u0161ne pozicije tako i AMT-METRIKS d.o.o.  Te\u0161anj nastoji  da ulaganjem kapitala u perspektivne projekte obezbjedi  svoje mjesto na  tr\u017ei\u0161tu.<\/p>\n<p>Tako smo za relativno kratko vrijeme od osnivanja postali  prepoznatljivo  ime na ovom specifi\u010dnom tr\u017ei\u0161tu i zavrijedili povjerenje  na\u0161ih  partnera.<\/p>\n<blockquote><p>Po\u010detkom 2009. godine postali smo zastupnici PCE Instruments GmbH iz  Njema\u010dke za podru\u010dje BiH. Ova kompaniju u svom asortimanu ima veliki  izbor mjerne tehnike renomiranih svjetskih proizvo\u0111a\u010da.\u00a0 Na\u0161a ponuda  sadr\u017ei trenutno ca. 650 instrumenata iz podru\u010dja mjerne tehnike za  mobilno i stacionarno\u00a0mjerenje ili analizu razli\u010ditih fizikalnih,  hemijskih i elektri\u010dnih veli\u010dina.\u00a0 Mjerni ure\u0111aji su robusni i visoke  kvalitete. ISO 9000 kalibracijski certifikati su isporu\u010divi za skoro sve  mjerne ure\u0111aje. U na\u0161em asortimanu\u00a0 na\u0107i \u0107ete razli\u010dite mjerne ure\u0111aje  tj. grupe proizvoda.<\/p><\/blockquote>\n<p>&nbsp;<\/p>\n<p>Za detaljnije informacije mo\u017eete nas kontaktirati  putem telefone\/faxa +387 32 650 745 ili putem e-maila  info@amt-metriks.ba<\/p>\n<p>&nbsp;<\/p>\n<p>Tako\u0111e na\u0161u ponudu mo\u017eete pogledati i na sljede\u0107oj stranici: <a href=\"http:\/\/www.amt-metriks.ba\/cms\/index.php?prodajni-program\">www.amt-metriks.ba<\/a><\/p>\n<p>&nbsp;<\/p>\n<p>&nbsp;<\/p>\n","protected":false},"excerpt":{"rendered":"<p>&nbsp; &nbsp; Dobro do\u0161li na na\u0161u novu stranicu.\u00a0 AMT-METRIKS d.o.o. je trgovinsko preduze\u0107e i prvenstveno je opredijeljeno za trgovinu na veliko. Osnovano je 2001. godine i bavi se prometom meteorolo\u0161ke, seizmolo\u0161ke, hidrolo\u0161ke opreme, mjerne tehnike, &#8230; S obzirom da su rast i razvoj preduze\u0107a neumitni procesi za odr\u017eavanje i unapre\u0111ivanje tr\u017ei\u0161ne pozicije tako i AMT-METRIKS [&hellip;]<\/p>\n","protected":false},"author":2,"featured_media":0,"parent":0,"menu_order":1,"comment_status":"closed","ping_status":"closed","template":"","meta":{"_uf_show_specific_survey":0,"_uf_disable_surveys":false,"footnotes":""},"class_list":["post-59","page","type-page","status-publish","hentry"],"aioseo_notices":[],"_links":{"self":[{"href":"https:\/\/mjerna-tehnika.ba\/bs\/index.php?rest_route=\/wp\/v2\/pages\/59","targetHints":{"allow":["GET"]}}],"collection":[{"href":"https:\/\/mjerna-tehnika.ba\/bs\/index.php?rest_route=\/wp\/v2\/pages"}],"about":[{"href":"https:\/\/mjerna-tehnika.ba\/bs\/index.php?rest_route=\/wp\/v2\/types\/page"}],"author":[{"embeddable":true,"href":"https:\/\/mjerna-tehnika.ba\/bs\/index.php?rest_route=\/wp\/v2\/users\/2"}],"replies":[{"embeddable":true,"href":"https:\/\/mjerna-tehnika.ba\/bs\/index.php?rest_route=%2Fwp%2Fv2%2Fcomments&post=59"}],"version-history":[{"count":7,"href":"https:\/\/mjerna-tehnika.ba\/bs\/index.php?rest_route=\/wp\/v2\/pages\/59\/revisions"}],"predecessor-version":[{"id":61,"href":"https:\/\/mjerna-tehnika.ba\/bs\/index.php?rest_route=\/wp\/v2\/pages\/59\/revisions\/61"}],"wp:attachment":[{"href":"https:\/\/mjerna-tehnika.ba\/bs\/index.php?rest_route=%2Fwp%2Fv2%2Fmedia&parent=59"}],"curies":[{"name":"wp","href":"https:\/\/api.w.org\/{rel}","templated":true}]}}