{"id":330,"date":"2011-08-01T20:12:08","date_gmt":"2011-08-01T20:12:08","guid":{"rendered":"https:\/\/mjerna-tehnika.ba\/bs\/?page_id=330"},"modified":"2011-12-03T20:54:36","modified_gmt":"2011-12-03T20:54:36","slug":"download","status":"publish","type":"page","link":"https:\/\/mjerna-tehnika.ba\/bs\/?page_id=330","title":{"rendered":"Download"},"content":{"rendered":"<p>&nbsp;<\/p>\n<p>Kataloge u pdf formatu mo\u017eete preuzeti ovdje:<\/p>\n<p><a rel=\"attachment wp-att-331\" href=\"https:\/\/mjerna-tehnika.ba\/bs\/?attachment_id=331\">anemometri<\/a><\/p>\n<p><a rel=\"attachment wp-att-338\" href=\"https:\/\/mjerna-tehnika.ba\/bs\/?attachment_id=338\">BROJA\u010cI OKRETAJA<\/a><\/p>\n<p><a rel=\"attachment wp-att-341\" href=\"https:\/\/mjerna-tehnika.ba\/bs\/?attachment_id=341\">DATALOGERI<\/a><\/p>\n<p><a rel=\"attachment wp-att-344\" href=\"https:\/\/mjerna-tehnika.ba\/bs\/?attachment_id=344\">ENDOSKOPI<\/a><\/p>\n<p><a rel=\"attachment wp-att-347\" href=\"https:\/\/mjerna-tehnika.ba\/bs\/?attachment_id=347\">MANOMETRI, BAROMETRI<\/a><\/p>\n<p><a rel=\"attachment wp-att-350\" href=\"https:\/\/mjerna-tehnika.ba\/bs\/?attachment_id=350\">MJERA\u010cI PLINA &#8211; PLINOMJERI<\/a><\/p>\n<p><a rel=\"attachment wp-att-353\" href=\"https:\/\/mjerna-tehnika.ba\/bs\/?attachment_id=353\">MJERA\u010cI UDALJENOSTI<\/a><\/p>\n<p><a rel=\"attachment wp-att-356\" href=\"https:\/\/mjerna-tehnika.ba\/bs\/?attachment_id=356\">MJERA\u010cI VLAGE<\/a><\/p>\n<p><a rel=\"attachment wp-att-359\" href=\"https:\/\/mjerna-tehnika.ba\/bs\/?attachment_id=359\">ANALIZA VODE<\/a><\/p>\n<p><a rel=\"attachment wp-att-362\" href=\"https:\/\/mjerna-tehnika.ba\/bs\/?attachment_id=362\">MJERA\u010cI BUKE<\/a><\/p>\n<p><a rel=\"attachment wp-att-366\" href=\"https:\/\/mjerna-tehnika.ba\/bs\/?attachment_id=366\">MJERA\u010cI VIBRACIJA<\/a><\/p>\n<p><a rel=\"attachment wp-att-363\" href=\"https:\/\/mjerna-tehnika.ba\/bs\/?attachment_id=363\">MJERA\u010cI SNAGE<\/a><\/p>\n<p><a rel=\"attachment wp-att-372\" href=\"https:\/\/mjerna-tehnika.ba\/bs\/?attachment_id=372\">MJERA\u010cI ZRA\u010cENJA<\/a><\/p>\n<p><a rel=\"attachment wp-att-375\" href=\"https:\/\/mjerna-tehnika.ba\/bs\/?attachment_id=375\">REFRAKTOMETRI<\/a><\/p>\n<p><a rel=\"attachment wp-att-376\" href=\"https:\/\/mjerna-tehnika.ba\/bs\/?attachment_id=376\">TERMOVIZIJSKE KAMERE<\/a><\/p>\n<p><a rel=\"attachment wp-att-377\" href=\"https:\/\/mjerna-tehnika.ba\/bs\/?attachment_id=377\">URE\u0110AJI ZA ISPITIVANJE MATERIJALA<\/a><\/p>\n<p><a rel=\"attachment wp-att-378\" href=\"https:\/\/mjerna-tehnika.ba\/bs\/?attachment_id=378\">URE\u0110AJI ZA MJERENJE TEMPERATURE &#8211; TERMOMETRI<\/a><\/p>\n<p><a rel=\"attachment wp-att-418\" href=\"https:\/\/mjerna-tehnika.ba\/bs\/?attachment_id=418\">DIGITALNI INDIKATORI<\/a><\/p>\n<p><a rel=\"attachment wp-att-419\" href=\"https:\/\/mjerna-tehnika.ba\/bs\/?attachment_id=419\">DISPLAY SISTEMI<\/a><\/p>\n<p><a rel=\"attachment wp-att-420\" href=\"https:\/\/mjerna-tehnika.ba\/bs\/?attachment_id=420\">LOGIK MODUL<\/a><\/p>\n<p><a rel=\"attachment wp-att-421\" href=\"https:\/\/mjerna-tehnika.ba\/bs\/?attachment_id=421\">PRETVARACI SIGNALA<\/a><\/p>\n<p><a rel=\"attachment wp-att-422\" href=\"https:\/\/mjerna-tehnika.ba\/bs\/?attachment_id=422\">REGULATORI<\/a><\/p>\n<p><a rel=\"attachment wp-att-423\" href=\"https:\/\/mjerna-tehnika.ba\/bs\/?attachment_id=423\">SENZORI<\/a><\/p>\n<p>&nbsp;<\/p>\n","protected":false},"excerpt":{"rendered":"<p>&nbsp; Kataloge u pdf formatu mo\u017eete preuzeti ovdje: anemometri BROJA\u010cI OKRETAJA DATALOGERI ENDOSKOPI MANOMETRI, BAROMETRI MJERA\u010cI PLINA &#8211; PLINOMJERI MJERA\u010cI UDALJENOSTI MJERA\u010cI VLAGE ANALIZA VODE MJERA\u010cI BUKE MJERA\u010cI VIBRACIJA MJERA\u010cI SNAGE MJERA\u010cI ZRA\u010cENJA REFRAKTOMETRI TERMOVIZIJSKE KAMERE URE\u0110AJI ZA ISPITIVANJE MATERIJALA URE\u0110AJI ZA MJERENJE TEMPERATURE &#8211; TERMOMETRI DIGITALNI INDIKATORI DISPLAY SISTEMI LOGIK MODUL PRETVARACI SIGNALA REGULATORI [&hellip;]<\/p>\n","protected":false},"author":2,"featured_media":0,"parent":0,"menu_order":6,"comment_status":"closed","ping_status":"closed","template":"","meta":{"_uf_show_specific_survey":0,"_uf_disable_surveys":false,"footnotes":""},"class_list":["post-330","page","type-page","status-publish","hentry"],"aioseo_notices":[],"_links":{"self":[{"href":"https:\/\/mjerna-tehnika.ba\/bs\/index.php?rest_route=\/wp\/v2\/pages\/330","targetHints":{"allow":["GET"]}}],"collection":[{"href":"https:\/\/mjerna-tehnika.ba\/bs\/index.php?rest_route=\/wp\/v2\/pages"}],"about":[{"href":"https:\/\/mjerna-tehnika.ba\/bs\/index.php?rest_route=\/wp\/v2\/types\/page"}],"author":[{"embeddable":true,"href":"https:\/\/mjerna-tehnika.ba\/bs\/index.php?rest_route=\/wp\/v2\/users\/2"}],"replies":[{"embeddable":true,"href":"https:\/\/mjerna-tehnika.ba\/bs\/index.php?rest_route=%2Fwp%2Fv2%2Fcomments&post=330"}],"version-history":[{"count":42,"href":"https:\/\/mjerna-tehnika.ba\/bs\/index.php?rest_route=\/wp\/v2\/pages\/330\/revisions"}],"predecessor-version":[{"id":553,"href":"https:\/\/mjerna-tehnika.ba\/bs\/index.php?rest_route=\/wp\/v2\/pages\/330\/revisions\/553"}],"wp:attachment":[{"href":"https:\/\/mjerna-tehnika.ba\/bs\/index.php?rest_route=%2Fwp%2Fv2%2Fmedia&parent=330"}],"curies":[{"name":"wp","href":"https:\/\/api.w.org\/{rel}","templated":true}]}}